{"id":482,"date":"2025-07-13T10:21:51","date_gmt":"2025-07-13T10:21:51","guid":{"rendered":"https:\/\/arthoteltartini.com\/?page_id=482"},"modified":"2026-03-05T10:53:59","modified_gmt":"2026-03-05T10:53:59","slug":"parking","status":"publish","type":"page","link":"https:\/\/arthoteltartini.com\/de\/parking\/","title":{"rendered":"Parken"},"content":{"rendered":"<h2 class=\"wp-block-heading\">Parken &amp; Anfahrtsbeschreibung<\/h2>\n\n\n\n<p>As Piran is a historic pedestrian zone, parking and driving within the town is reserved exclusively for residents with permits. Therefore, it is not possible to park directly in front of the hotel or elsewhere in town.<\/p>\n\n\n\n<p>Hier finden Sie detaillierte Anweisungen zum Parken:<\/p>\n\n\n\n<p><strong>1. Arrival<\/strong><\/p>\n\n\n\n<p>We recommend <strong>parking your car first at the <strong><a href=\"https:\/\/share.google\/bItkS2OzH6rBAFIq4\" data-type=\"link\" data-id=\"https:\/\/share.google\/bItkS2OzH6rBAFIq4\">\u00d6ffentliches Parkhaus Fornace<\/a><\/strong><\/strong>, located at the entrance to Piran.<\/p>\n\n\n\n<p>You\u2019ll see the garage on your left as you approach the town.<\/p>\n\n\n\n<p><strong>We DO NOT recommend driving into Piran with your car<\/strong>. Guests with disabilities are allowed to <strong>drive directly to the hotel<\/strong>, but we kindly ask that you <strong>inform the reception in advance.<\/strong><\/p>\n\n\n\n<figure class=\"wp-block-image size-full\"><img loading=\"lazy\" decoding=\"async\" width=\"1024\" height=\"768\" src=\"https:\/\/arthoteltartini.com\/wp-content\/uploads\/road.jpg\" alt=\"Parkhaus Fornace Piran\" class=\"wp-image-619\" title=\"road\" srcset=\"https:\/\/arthoteltartini.com\/wp-content\/uploads\/road.jpg 1024w, https:\/\/arthoteltartini.com\/wp-content\/uploads\/road-300x225.jpg 300w, https:\/\/arthoteltartini.com\/wp-content\/uploads\/road-768x576.jpg 768w, https:\/\/arthoteltartini.com\/wp-content\/uploads\/road-16x12.jpg 16w\" sizes=\"auto, (max-width: 1024px) 100vw, 1024px\" \/><figcaption class=\"wp-element-caption\">Parking Garage Fornace - Piran<\/figcaption><\/figure>\n\n\n\n<p><strong>2. Parkhaus Details<\/strong><\/p>\n\n\n\n<p>Parking is available on a first-come, first-served basis. If the garage is full, you may need to wait at the entrance until a space becomes available. This rarely happens. After parking, take the elevator down to the ground level and follow the signs to the <strong>minibus stop by the sea.<\/strong>\u00a0<\/p>\n\n\n\n<p>The Forna\u010de Parking Garage offers <strong>838 parking spaces across 8 levels<\/strong> and is <strong>open 24 hours a day, 7 days a week<\/strong>. Vehicle access (entrance and exit) is located on the <strong>top, 7th level<\/strong> of the garage.<\/p>\n\n\n\n<p>Es ist nicht m\u00f6glich, einen Parkplatz in der \u00f6ffentlichen Garage zu reservieren!<\/p>\n\n\n\n<p><strong>3. Anreise zum Hotel von der Garage aus<\/strong><\/p>\n\n\n\n<p>Kleinbus: Ein Minibus verkehrt alle 15 Minuten zwischen der Garage und dem Tartini-Platz (dem Standort unseres Hotels). Die Fahrkarten kosten 1\u20ac pro Person, zahlbar mit Kreditkarte im Bus.<\/p>\n\n\n\n<p>Zu Fu\u00df: Genie\u00dfen Sie einen malerischen 15-min\u00fctigen Spaziergang entlang des K\u00fcstenwegs, um das Hotel zu erreichen. Wenn Sie Gl\u00fcck haben, k\u00f6nnen Sie sogar den Triglav, unseren h\u00f6chsten Berg, sehen!<\/p>\n\n\n\n<p><strong>4. Parking Discount for Guests<\/strong><\/p>\n\n\n\n<p>F\u00fcr unsere G\u00e4ste bieten wir einen erm\u00e4\u00dfigten Parktarif in der Fornace-Garage an (Bezahlung an der Hotelrezeption). Die Preise k\u00f6nnen ohne vorherige Ank\u00fcndigung ge\u00e4ndert werden.<\/p>\n\n\n\n<p><\/p>","protected":false},"excerpt":{"rendered":"<p>Parking &amp; Arrival Instructions As Piran is a historic pedestrian zone, parking and driving within the town is reserved exclusively for residents with permits. Therefore, it is not possible to park directly in front of the hotel or elsewhere in town. Here are detailed parking instructions: 1. Arrival We recommend parking your car first at [&hellip;]<\/p>","protected":false},"author":1,"featured_media":0,"parent":0,"menu_order":0,"comment_status":"closed","ping_status":"closed","template":"","meta":{"_seopress_robots_primary_cat":"","_seopress_titles_title":"","_seopress_titles_desc":"Convenient parking and easy arrival at Hotel Tartini \u2014 detailed instructions to ensure a smooth, hassle-free start to your stay in the heart of Piran.","_seopress_robots_index":"","footnotes":""},"class_list":["post-482","page","type-page","status-publish","hentry"],"acf":[],"_links":{"self":[{"href":"https:\/\/arthoteltartini.com\/de\/wp-json\/wp\/v2\/pages\/482","targetHints":{"allow":["GET"]}}],"collection":[{"href":"https:\/\/arthoteltartini.com\/de\/wp-json\/wp\/v2\/pages"}],"about":[{"href":"https:\/\/arthoteltartini.com\/de\/wp-json\/wp\/v2\/types\/page"}],"author":[{"embeddable":true,"href":"https:\/\/arthoteltartini.com\/de\/wp-json\/wp\/v2\/users\/1"}],"replies":[{"embeddable":true,"href":"https:\/\/arthoteltartini.com\/de\/wp-json\/wp\/v2\/comments?post=482"}],"version-history":[{"count":0,"href":"https:\/\/arthoteltartini.com\/de\/wp-json\/wp\/v2\/pages\/482\/revisions"}],"wp:attachment":[{"href":"https:\/\/arthoteltartini.com\/de\/wp-json\/wp\/v2\/media?parent=482"}],"curies":[{"name":"wp","href":"https:\/\/api.w.org\/{rel}","templated":true}]}}