{"id":487,"date":"2025-07-13T12:31:44","date_gmt":"2025-07-13T12:31:44","guid":{"rendered":"https:\/\/arthoteltartini.com\/?page_id=487"},"modified":"2026-04-08T04:21:44","modified_gmt":"2026-04-08T04:21:44","slug":"terms-of-service","status":"publish","type":"page","link":"https:\/\/arthoteltartini.com\/de\/terms-of-service\/","title":{"rendered":"Bedingungen der Dienstleistung"},"content":{"rendered":"<h2 class=\"wp-block-heading\">Angaben zum Unternehmen:<\/h2>\n\n\n\n<p>Art Hotel Tartini d.o.o.<\/p>\n\n\n\n<p>Tartinijev trg 15<\/p>\n\n\n\n<p>6330 Piran<\/p>\n\n\n\n<p>Steuernummer: SI78722381<\/p>\n\n\n\n<p>Zulassungsnummer: 9569120000<\/p>\n\n\n\n<h2 class=\"wp-block-heading\">Zahlung<\/h2>\n\n\n\n<p>Eine g\u00fcltige Kreditkarte ist erforderlich, um Ihre Reservierung zu garantieren. In \u00dcbereinstimmung mit der Standard-Reservierungspolitik des Hotels wird Ihre Kreditkarte nicht belastet. Die Angaben zur Kreditkarte dienen ausschlie\u00dflich der Best\u00e4tigung Ihrer Reservierung. Wir werden Ihre Karte nicht vor Ihrer Ankunft belasten, es sei denn, es handelt sich um eine versp\u00e4tete Stornierung, ein Nichterscheinen oder eine im Voraus bezahlte Reservierung.<\/p>\n\n\n\n<p>Wir akzeptieren die folgenden Karten: Visa, Euro\/Mastercard, und Maestro. Das Hotel beh\u00e4lt sich das Recht vor, Kreditkarten vor der Ankunft zu autorisieren.<\/p>\n\n\n\n<h2 class=\"wp-block-heading\">Check-in\/Check-out der G\u00e4ste:<\/h2>\n\n\n\n<p>Check-in: von 15:00 Uhr bis Mitternacht<\/p>\n\n\n\n<p>Auschecken: bis 11:00 Uhr.<\/p>\n\n\n\n<p>Wir halten das reservierte Zimmer f\u00fcr den Gast bis Mitternacht am Anreisetag bereit. Im Falle einer versp\u00e4teten Ankunft ist der Gast verpflichtet, das Hotel im Voraus zu benachrichtigen, sp\u00e4testens bis Mitternacht am Tag der Ankunft. Unterl\u00e4sst der Gast die rechtzeitige Benachrichtigung, ist das Hotel nicht verpflichtet, das Zimmer f\u00fcr den Gast bereitzuhalten, und hat das Recht, dem Gast die Kosten f\u00fcr das Nichterscheinen in Rechnung zu stellen.<\/p>\n\n\n\n<p>Fr\u00fches Einchecken oder sp\u00e4tes Auschecken sind nur je nach Zimmerverf\u00fcgbarkeit und nach vorheriger Absprache mit dem Empfangspersonal m\u00f6glich. Abreisen nach 11:00 Uhr werden mit 50% des Zimmerpreises bis 17:00 Uhr berechnet. Check-out nach 17:00 Uhr wird mit dem vollen Zimmerpreis berechnet.<\/p>\n\n\n\n<h2 class=\"wp-block-heading\">Parken<\/h2>\n\n\n\n<p>Das Hotel verf\u00fcgt \u00fcber keine Parkpl\u00e4tze. Sie k\u00f6nnen im Parkhaus Forna\u010de parken (Adresse: Forna\u010de 23, 6330 Piran). Unsere G\u00e4ste haben Anspruch auf einen erm\u00e4\u00dfigten Parktarif - Sie k\u00f6nnen Ihr Parkticket an der Rezeption entwerten und bezahlen. Vom Parkhaus Forna\u010de verkehrt etwa alle 10-15 Minuten ein Shuttlebus ins Zentrum von Piran. Wir k\u00f6nnen keine Parkpl\u00e4tze im Voraus reservieren.<\/p>\n\n\n\n<h2 class=\"wp-block-heading\">Kurtaxe<\/h2>\n\n\n\n<p>Die Kurtaxe ist nicht im \u00dcbernachtungspreis inbegriffen und wird wie folgt berechnet: f\u00fcr Personen \u00fcber 18 Jahre: 3,13 \u20ac pro Nacht, f\u00fcr Kinder zwischen 7 und 16,99 Jahren: 1,57 \u20ac pro Nacht; Kinder unter 6,99 Jahren sind von der Kurtaxe befreit. Bei der Buchung per E-Mail, Telefon oder \u00fcber einen anderen Kanal geben Sie bitte die Anzahl der Personen an, die tats\u00e4chlich im Zimmer \u00fcbernachten werden, unabh\u00e4ngig von deren Alter.<\/p>\n\n\n\n<h2 class=\"wp-block-heading\">Einchecken im Hotel<\/h2>\n\n\n\n<p>Aus Sicherheitsgr\u00fcnden m\u00fcssen die G\u00e4ste beim Einchecken ein g\u00fcltiges Personaldokument (Personalausweis oder Reisepass) mit sich f\u00fchren. Die G\u00e4ste m\u00fcssen ihre Kreditkartendaten als Garantie angeben. Hat der Gast diese Daten bereits bei der Reservierung angegeben, muss er sie aus Sicherheitsgr\u00fcnden bei der Ankunft erneut angeben. Die Kreditkarte muss physisch anwesend sein. Im Falle au\u00dfergew\u00f6hnlicher Leistungen hat das Hotel das Recht, die Kreditkarte des Gastes zu belasten, die auf den Anmeldeformularen als Garantie f\u00fcr bestimmte Zimmer und Aufenthaltsdauer angegeben ist.<\/p>\n\n\n\n<h2 class=\"wp-block-heading\">Allgemeine Gesch\u00e4ftsbedingungen und Widerrufsbelehrung<\/h2>\n\n\n\n<p>EINZELPERSONEN:<\/p>\n\n\n\n<p>Guests may cancel their reservation free of charge up to 2 days prior to arrival. In case of cancellation within 2 days prior to arrival, the full price of the reservation will be charged. If the guest does not show up on the day of arrival, the full price of the reservation will be charged.<\/p>\n\n\n\n<p>Zuschl\u00e4ge und Erm\u00e4\u00dfigungen f\u00fcr Personen auf Zusatzbetten.<\/p>\n\n\n\n<p>Kinder bis einschlie\u00dflich 5 Jahre \u00fcbernachten kostenlos im selben Bett oder Kinderbett. Zustellbetten k\u00f6nnen nur in Deluxe-Zimmern und in der Pr\u00e4sidentensuite (30 \u20ac pro Nacht) aufgestellt werden.<\/p>\n\n\n\n<p>Special payment and cancellation conditions apply to all reservations of 4 or more rooms.<\/p>\n\n\n\n<p>Das Hotel haftet nicht f\u00fcr die Nichterf\u00fcllung seiner Verpflichtungen im Falle von h\u00f6herer Gewalt (Naturkatastrophen, au\u00dfergew\u00f6hnliche Umst\u00e4nde, Streiks, Pandemien usw.).<\/p>\n\n\n\n<h2 class=\"wp-block-heading\">Hausordnung<\/h2>\n\n\n\n<p>Das Hotel beh\u00e4lt sich das Recht vor, einem Gast den Aufenthalt oder die weitere Inanspruchnahme von Dienstleistungen zu verweigern, wenn er sich unangemessen verh\u00e4lt, die Hausordnung nicht einh\u00e4lt, St\u00f6rungen verursacht, die Sicherheit anderer G\u00e4ste oder des Personals gef\u00e4hrdet oder vors\u00e4tzlich Hoteleigentum zerst\u00f6rt.<\/p>\n\n\n\n<p>Das Mitbringen von gef\u00e4hrlichen Stoffen und Gegenst\u00e4nden in das Hotel (z.B. Waffen, Sprengstoff, brennbare Stoffe, illegale Drogen) ist verboten. Es ist auch nicht gestattet, in den Zimmern eigene elektrische Heizger\u00e4te zu benutzen oder Speisen zuzubereiten, es sei denn, dies ist ausdr\u00fccklich erlaubt (z. B. in Apartments mit Kochnische).<\/p>\n\n\n\n<p>Die G\u00e4ste sind verpflichtet, die \u00f6ffentliche Ordnung und Ruhe zu respektieren, insbesondere nachts zwischen 22 Uhr und 6 Uhr morgens.<\/p>\n\n\n\n<h2 class=\"wp-block-heading\">Haustiere<\/h2>\n\n\n\n<p>Haustiere sind in der Anlage nach vorheriger Anmeldung des Gastes erlaubt. Der t\u00e4gliche Aufpreis f\u00fcr ihren Aufenthalt betr\u00e4gt 25 Euro.<\/p>\n\n\n\n<h2 class=\"wp-block-heading\">Rauchen<\/h2>\n\n\n\n<p>Das Rauchen ist im Hotel strengstens verboten. Alle Hotelzimmer sind Nichtraucherzimmer. Im Falle eines Versto\u00dfes gegen diese Hotelregel wird dem Gast eine zus\u00e4tzliche Reinigungsgeb\u00fchr von 300 EUR in Rechnung gestellt.<\/p>\n\n\n\n<p>Hotelg\u00e4ste d\u00fcrfen in den Au\u00dfenbereichen des Hotels (Terrasse der Hotelbar, vor dem Vorder- oder Seiteneingang des Hotels) rauchen.<\/p>\n\n\n\n<h2 class=\"wp-block-heading\">Fr\u00fchst\u00fcck<\/h2>\n\n\n\n<p>Breakfast is served in the hotel restaurant from 7:00 to 10:00.<\/p>\n\n\n\n<h2 class=\"wp-block-heading\">Hotelimmobilie<\/h2>\n\n\n\n<p>Die G\u00e4ste sind verpflichtet, das Hoteleigentum so zu behandeln, als ob es ihr eigenes w\u00e4re. Im Falle einer Besch\u00e4digung oder eines Verlustes werden den G\u00e4sten die Kosten f\u00fcr den entstandenen Schaden in Rechnung gestellt.<\/p>\n\n\n\n<p>Der Gast ist sich aller Bedingungen des Vertrages\/Angebotes bez\u00fcglich seines Aufenthaltes, seiner Verpflichtungen bez\u00fcglich der Kosten, die mit der Anmietung eines Zimmers und anderer Dienstleistungen verbunden sind, und aller Sch\u00e4den, die \u00fcber die normale Abnutzung w\u00e4hrend der Mietdauer hinausgehen, bewusst.<\/p>\n\n\n\n<p>Das Hotel haftet nicht f\u00fcr Diebstahl, Verlust oder Besch\u00e4digung von pers\u00f6nlichen Gegenst\u00e4nden der G\u00e4ste, es sei denn, es liegt grobe Fahrl\u00e4ssigkeit des Personals vor. Den G\u00e4sten wird empfohlen, ihre Wertsachen im Hotelsafe aufzubewahren.<\/p>\n\n\n\n<h2 class=\"wp-block-heading\">Schutz personenbezogener Daten und Vertraulichkeit<\/h2>\n\n\n\n<p>Das Hotel h\u00e4lt sich an die Vertraulichkeitsregeln und arbeitet in \u00dcbereinstimmung mit den Vorschriften zum Schutz personenbezogener Daten. Beim Einchecken m\u00fcssen die G\u00e4ste einen g\u00fcltigen Lichtbildausweis vorlegen, aus dem der Rezeptionist die folgenden Informationen f\u00fcr die weitere Bearbeitung entnimmt: Vor- und Nachname des Gastes, Geburtsdatum, Geschlecht und Nationalit\u00e4t. Die gleichen Angaben verlangt die Rezeptionistin auch von den Begleitpersonen. Die personenbezogenen Daten werden f\u00fcr die Zimmerreservierung, die Bezahlung und die polizeiliche Anmeldung (Ajpes) verwendet, die gesetzlich vorgeschrieben ist. Beim Einchecken im Hotel \u00fcberpr\u00fcft der Rezeptionist auch die Nummer und G\u00fcltigkeit der Kreditkarte.<\/p>\n\n\n\n<p>Wir freuen uns auf Ihren Besuch und w\u00fcnschen Ihnen einen angenehmen Aufenthalt bei uns.<\/p>","protected":false},"excerpt":{"rendered":"<p>Company details: Art Hotel Tartini d.o.o. Tartinijev trg 15 6330 Piran Tax number: SI78722381 Registration number: 9569120000 Payment A valid credit card is required to guarantee your reservation. In accordance with the hotel's standard reservation policy, your credit card will not be charged. Credit card details are provided solely for the purpose of confirming your [&hellip;]<\/p>","protected":false},"author":1,"featured_media":0,"parent":0,"menu_order":0,"comment_status":"closed","ping_status":"closed","template":"","meta":{"_seopress_robots_primary_cat":"","_seopress_titles_title":"","_seopress_titles_desc":"","_seopress_robots_index":"","footnotes":""},"class_list":["post-487","page","type-page","status-publish","hentry"],"acf":[],"_links":{"self":[{"href":"https:\/\/arthoteltartini.com\/de\/wp-json\/wp\/v2\/pages\/487","targetHints":{"allow":["GET"]}}],"collection":[{"href":"https:\/\/arthoteltartini.com\/de\/wp-json\/wp\/v2\/pages"}],"about":[{"href":"https:\/\/arthoteltartini.com\/de\/wp-json\/wp\/v2\/types\/page"}],"author":[{"embeddable":true,"href":"https:\/\/arthoteltartini.com\/de\/wp-json\/wp\/v2\/users\/1"}],"replies":[{"embeddable":true,"href":"https:\/\/arthoteltartini.com\/de\/wp-json\/wp\/v2\/comments?post=487"}],"version-history":[{"count":0,"href":"https:\/\/arthoteltartini.com\/de\/wp-json\/wp\/v2\/pages\/487\/revisions"}],"wp:attachment":[{"href":"https:\/\/arthoteltartini.com\/de\/wp-json\/wp\/v2\/media?parent=487"}],"curies":[{"name":"wp","href":"https:\/\/api.w.org\/{rel}","templated":true}]}}