{"id":487,"date":"2025-07-13T12:31:44","date_gmt":"2025-07-13T12:31:44","guid":{"rendered":"https:\/\/arthoteltartini.com\/?page_id=487"},"modified":"2026-04-08T04:21:44","modified_gmt":"2026-04-08T04:21:44","slug":"terms-of-service","status":"publish","type":"page","link":"https:\/\/arthoteltartini.com\/it\/terms-of-service\/","title":{"rendered":"Termini di servizio"},"content":{"rendered":"<h2 class=\"wp-block-heading\">Dettagli dell'azienda:<\/h2>\n\n\n\n<p>Art Hotel Tartini d.o.o.<\/p>\n\n\n\n<p>Tartinijev trg 15<\/p>\n\n\n\n<p>6330 Pirano<\/p>\n\n\n\n<p>Codice fiscale: SI78722381<\/p>\n\n\n\n<p>Numero di registrazione: 9569120000<\/p>\n\n\n\n<h2 class=\"wp-block-heading\">Pagamento<\/h2>\n\n\n\n<p>Per garantire la prenotazione \u00e8 necessaria una carta di credito valida. In conformit\u00e0 con la politica di prenotazione standard dell'hotel, la carta di credito non verr\u00e0 addebitata. I dati della carta di credito vengono forniti esclusivamente per confermare la prenotazione e non verranno addebitati prima dell'arrivo, tranne in caso di cancellazione tardiva, mancata presentazione o prenotazioni prepagate.<\/p>\n\n\n\n<p>Accettiamo le seguenti carte: Visa, Euro\/Mastercard e Maestro. L'hotel si riserva il diritto di pre-autorizzare le carte di credito prima dell'arrivo.<\/p>\n\n\n\n<h2 class=\"wp-block-heading\">Check-in\/check-out degli ospiti:<\/h2>\n\n\n\n<p>Check-in: dalle 15:00 alle 24:00.<\/p>\n\n\n\n<p>Check-out: entro le ore 11:00.<\/p>\n\n\n\n<p>La camera prenotata verr\u00e0 tenuta a disposizione del cliente fino alla mezzanotte del giorno di arrivo. In caso di arrivo tardivo, il cliente \u00e8 tenuto ad avvisare l'hotel in anticipo, entro e non oltre la mezzanotte del giorno di arrivo. Se l'ospite non lo comunica in tempo, l'hotel non \u00e8 obbligato a tenere la camera per l'ospite e ha il diritto di addebitare all'ospite il costo della mancata presentazione.<\/p>\n\n\n\n<p>Il check-in anticipato o il check-out tardivo sono possibili solo in base alla disponibilit\u00e0 delle camere e previo accordo con il personale della reception. Le partenze dopo le 11:00 verranno addebitate al 50% della tariffa della camera fino alle 17:00. Il check-out dopo le 17:00 verr\u00e0 addebitato alla tariffa intera della camera.<\/p>\n\n\n\n<h2 class=\"wp-block-heading\">Parcheggio<\/h2>\n\n\n\n<p>L'hotel non dispone di posti auto. \u00c8 possibile parcheggiare nel parcheggio Forna\u010de (indirizzo: Forna\u010de 23, 6330 Pirano). I nostri ospiti hanno diritto a una tariffa ridotta: potete convalidare e pagare il biglietto del parcheggio alla reception. Un bus navetta collega il parcheggio Forna\u010de al centro di Pirano ogni 10-15 minuti circa. Non \u00e8 possibile prenotare i posti auto in anticipo.<\/p>\n\n\n\n<h2 class=\"wp-block-heading\">Tassa di soggiorno<\/h2>\n\n\n\n<p>La tassa di soggiorno non \u00e8 inclusa nel prezzo dell'alloggio e viene addebitata come segue per le persone di et\u00e0 superiore ai 18 anni: 3,13 \u20ac a notte, per i bambini di et\u00e0 compresa tra i 7 e i 16,99 anni: 1,57 \u20ac a notte; i bambini di et\u00e0 inferiore ai 6,99 anni sono esenti dal pagamento della tassa di soggiorno. Al momento della prenotazione via e-mail, telefono o qualsiasi altro canale, si prega di indicare il numero di persone che effettivamente soggiorneranno nella camera, indipendentemente dalla loro et\u00e0.<\/p>\n\n\n\n<h2 class=\"wp-block-heading\">Check-in in hotel<\/h2>\n\n\n\n<p>Per motivi di sicurezza, al momento del check-in gli ospiti devono avere con s\u00e9 un documento personale valido (carta d'identit\u00e0 o passaporto). Gli ospiti devono fornire i dati della carta di credito come garanzia. Se l'ospite ha gi\u00e0 fornito questi dati al momento della prenotazione, dovr\u00e0 fornirli nuovamente all'arrivo per motivi di sicurezza. La carta di credito deve essere fisicamente presente. In caso di servizi eccezionali, l'hotel ha il diritto di addebitare la carta di credito del cliente, indicata come garanzia per determinate camere e durata del soggiorno nei moduli di registrazione.<\/p>\n\n\n\n<h2 class=\"wp-block-heading\">Termini e condizioni e politica di cancellazione<\/h2>\n\n\n\n<p>INDIVIDUALI:<\/p>\n\n\n\n<p>Guests may cancel their reservation free of charge up to 2 days prior to arrival. In case of cancellation within 2 days prior to arrival, the full price of the reservation will be charged. If the guest does not show up on the day of arrival, the full price of the reservation will be charged.<\/p>\n\n\n\n<p>Supplementi e sconti per persone con letti supplementari.<\/p>\n\n\n\n<p>I bambini fino a 5 anni di et\u00e0 soggiornano gratuitamente nello stesso letto o culla. I letti supplementari possono essere sistemati solo nelle camere Deluxe e nella Suite Presidenziale (30 \u20ac a notte).<\/p>\n\n\n\n<p>Special payment and cancellation conditions apply to all reservations of 4 or more rooms.<\/p>\n\n\n\n<p>L'hotel non \u00e8 responsabile dell'inadempimento dei propri obblighi in caso di forza maggiore (catastrofi naturali, circostanze straordinarie, scioperi, pandemie, ecc.)<\/p>\n\n\n\n<h2 class=\"wp-block-heading\">Regole della casa<\/h2>\n\n\n\n<p>L'hotel si riserva il diritto di rifiutare il soggiorno o l'utilizzo dei servizi in caso di comportamento inappropriato, mancato rispetto delle regole della casa, disturbo, pericolo per la sicurezza degli altri ospiti o del personale, o in caso di distruzione intenzionale della propriet\u00e0 dell'hotel.<\/p>\n\n\n\n<p>Agli ospiti \u00e8 vietato portare in hotel sostanze e oggetti pericolosi (ad esempio, armi, esplosivi, sostanze infiammabili, droghe illegali). Non \u00e8 inoltre consentito utilizzare i propri dispositivi di riscaldamento elettrico o preparare cibi nelle camere, a meno che non sia espressamente consentito (ad esempio, negli appartamenti con angolo cottura).<\/p>\n\n\n\n<p>Gli ospiti sono tenuti a rispettare l'ordine pubblico e la tranquillit\u00e0, soprattutto nelle ore notturne tra le 22.00 e le 6.00. In caso di violazione, l'hotel si riserva il diritto di cancellare immediatamente la prenotazione senza alcun rimborso.<\/p>\n\n\n\n<h2 class=\"wp-block-heading\">Animali domestici<\/h2>\n\n\n\n<p>Gli animali domestici sono ammessi nella struttura previa notifica da parte dell'ospite. Il supplemento giornaliero per il loro soggiorno \u00e8 di 25 euro.<\/p>\n\n\n\n<h2 class=\"wp-block-heading\">Il fumo<\/h2>\n\n\n\n<p>Nell'hotel \u00e8 severamente vietato fumare. Tutte le camere dell'hotel sono non fumatori. In caso di violazione di questa regola dell'hotel, all'ospite verr\u00e0 addebitato un costo aggiuntivo per la pulizia di 300 EUR.<\/p>\n\n\n\n<p>Gli ospiti dell'hotel possono fumare nelle aree esterne dell'hotel (terrazza del bar dell'hotel, davanti all'ingresso principale o laterale dell'hotel).<\/p>\n\n\n\n<h2 class=\"wp-block-heading\">Colazione<\/h2>\n\n\n\n<p>Breakfast is served in the hotel restaurant from 7:00 to 10:00.<\/p>\n\n\n\n<h2 class=\"wp-block-heading\">Propriet\u00e0 alberghiera<\/h2>\n\n\n\n<p>Gli ospiti sono tenuti a prendersi cura dei beni dell'hotel come se fossero propri. In caso di danni o perdite, agli ospiti verr\u00e0 addebitato il costo del danno causato.<\/p>\n\n\n\n<p>L'ospite \u00e8 a conoscenza di tutti i termini e le condizioni del contratto\/offerta relativi al suo soggiorno, dei suoi obblighi relativi ai costi associati all'affitto della camera e ad altri servizi, e di eventuali danni che superano la normale usura durante il periodo di affitto.<\/p>\n\n\n\n<p>L'hotel non \u00e8 responsabile di furti, smarrimenti o danni agli effetti personali degli ospiti, tranne in caso di grave negligenza da parte del personale. Si consiglia agli ospiti di riporre gli oggetti di valore nella cassaforte dell'hotel.<\/p>\n\n\n\n<h2 class=\"wp-block-heading\">Protezione dei dati personali e riservatezza<\/h2>\n\n\n\n<p>L'hotel rispetta le regole di riservatezza e opera in conformit\u00e0 con le norme sulla protezione dei dati personali. Al momento del check-in, gli ospiti devono presentare un documento d'identit\u00e0 valido con foto, dal quale l'addetto alla reception ricaver\u00e0 le seguenti informazioni per l'ulteriore elaborazione: nome e cognome dell'ospite, data di nascita, sesso e nazionalit\u00e0. L'addetto alla reception richiede le stesse informazioni anche agli ospiti accompagnatori. I dati personali vengono utilizzati per la prenotazione delle camere, il pagamento e la registrazione presso la polizia (Ajpes), richiesta dalla legge. Al momento del check-in in hotel, l'addetto alla reception controlla anche il numero e la validit\u00e0 della carta di credito.<\/p>\n\n\n\n<p>Attendiamo con ansia la vostra visita e vi auguriamo un piacevole soggiorno presso di noi.<\/p>","protected":false},"excerpt":{"rendered":"<p>Company details: Art Hotel Tartini d.o.o. Tartinijev trg 15 6330 Piran Tax number: SI78722381 Registration number: 9569120000 Payment A valid credit card is required to guarantee your reservation. In accordance with the hotel's standard reservation policy, your credit card will not be charged. Credit card details are provided solely for the purpose of confirming your [&hellip;]<\/p>","protected":false},"author":1,"featured_media":0,"parent":0,"menu_order":0,"comment_status":"closed","ping_status":"closed","template":"","meta":{"_seopress_robots_primary_cat":"","_seopress_titles_title":"","_seopress_titles_desc":"","_seopress_robots_index":"","footnotes":""},"class_list":["post-487","page","type-page","status-publish","hentry"],"acf":[],"_links":{"self":[{"href":"https:\/\/arthoteltartini.com\/it\/wp-json\/wp\/v2\/pages\/487","targetHints":{"allow":["GET"]}}],"collection":[{"href":"https:\/\/arthoteltartini.com\/it\/wp-json\/wp\/v2\/pages"}],"about":[{"href":"https:\/\/arthoteltartini.com\/it\/wp-json\/wp\/v2\/types\/page"}],"author":[{"embeddable":true,"href":"https:\/\/arthoteltartini.com\/it\/wp-json\/wp\/v2\/users\/1"}],"replies":[{"embeddable":true,"href":"https:\/\/arthoteltartini.com\/it\/wp-json\/wp\/v2\/comments?post=487"}],"version-history":[{"count":0,"href":"https:\/\/arthoteltartini.com\/it\/wp-json\/wp\/v2\/pages\/487\/revisions"}],"wp:attachment":[{"href":"https:\/\/arthoteltartini.com\/it\/wp-json\/wp\/v2\/media?parent=487"}],"curies":[{"name":"wp","href":"https:\/\/api.w.org\/{rel}","templated":true}]}}