{"id":490,"date":"2025-07-13T12:37:57","date_gmt":"2025-07-13T12:37:57","guid":{"rendered":"https:\/\/arthoteltartini.com\/?page_id=490"},"modified":"2025-07-13T12:37:57","modified_gmt":"2025-07-13T12:37:57","slug":"cookie-policy","status":"publish","type":"page","link":"https:\/\/arthoteltartini.com\/it\/cookie-policy\/","title":{"rendered":"Informativa sui cookie"},"content":{"rendered":"<p>La presente informativa sulla privacy contiene informazioni importanti su chi siamo e su come e perch\u00e9 raccogliamo, conserviamo, utilizziamo e condividiamo i vostri dati personali. Illustra inoltre i diritti dell'utente in relazione ai propri dati personali e le modalit\u00e0 di contatto con noi o con le autorit\u00e0 di vigilanza in caso di reclamo.<\/p>\n\n\n\n<p>La presente informativa sulla privacy viene rilasciata per conto del gruppo di aziende che operano con il marchio Ultima Collection. Quando in questa informativa sulla privacy si parla di Ultima Collection, \"noi\", \"ci\" o \"nostro\", ci si riferisce alla societ\u00e0 del gruppo responsabile del trattamento dei vostri dati personali. ULT Management GS SA \u00e8 il responsabile del trattamento di questo sito web. Potete chiederci chi \u00e8 responsabile del trattamento dei vostri dati personali quando acquistate prodotti e\/o servizi da noi.<\/p>\n\n\n\n<p>Raccogliamo, utilizziamo e siamo responsabili di alcuni dati personali che vi riguardano. In questo caso siamo soggetti al Regolamento generale sulla protezione dei dati del Regno Unito (UK GDPR). Siamo inoltre soggetti al Regolamento generale sulla protezione dei dati dell'Unione europea (GDPR) in relazione ai beni e ai servizi che offriamo alle persone e alle nostre operazioni pi\u00f9 ampie nello Spazio economico europeo (SEE), e alla Legge federale svizzera sulla protezione dei dati del 1992 (LPD).<\/p>\n\n\n\n<h3 class=\"wp-block-heading\"><strong>Termini chiave<\/strong><\/h3>\n\n\n\n<p>Sarebbe utile iniziare spiegando alcuni termini chiave utilizzati in questa politica:<\/p>\n\n\n\n<figure class=\"wp-block-table\"><table class=\"has-fixed-layout\"><tbody><tr><td><strong>Dati personali<\/strong><\/td><td><strong>Qualsiasi informazione relativa ad un individuo identificato o identificabile<\/strong><\/td><\/tr><tr><td>Dati personali di categoria speciale<\/td><td>Dati personali che rivelino l'origine razziale o etnica, le opinioni politiche, le convinzioni religiose, filosofiche o l'appartenenza sindacaleDati genetici e biometrici (se trattati per identificare in modo univoco una persona)Dati relativi alla salute, alla vita sessuale o all'orientamento sessuale<\/td><\/tr><tr><td>Soggetto interessato<\/td><td>L'individuo a cui si riferiscono i dati personali<\/td><\/tr><\/tbody><\/table><\/figure>\n\n\n\n<h3 class=\"wp-block-heading\"><strong>Dati personali raccolti su di voi<\/strong><\/h3>\n\n\n\n<p>Possiamo raccogliere e utilizzare i seguenti dati personali dell'utente:<\/p>\n\n\n\n<ul class=\"wp-block-list\">\n<li>Il vostro nome e le vostre informazioni di contatto, compresi l'indirizzo e-mail e il numero di telefono<\/li>\n\n\n\n<li>Il tuo sesso<\/li>\n\n\n\n<li>I vostri dati di fatturazione, le informazioni sulle transazioni e sulle carte di pagamento<\/li>\n\n\n\n<li>Interessi o preferenze personali o professionali<\/li>\n\n\n\n<li>Informazioni sull'utilizzo del nostro sito web, dei sistemi informatici e di comunicazione e di altri sistemi.<\/li>\n<\/ul>\n\n\n\n<p>Raccogliamo e utilizziamo questi dati personali per fornirvi prodotti e\/o servizi. Il mancato conferimento dei dati personali richiesti pu\u00f2 ritardare o impedire la fornitura di tali prodotti e\/o servizi.<\/p>\n\n\n\n<h3 class=\"wp-block-heading\"><strong>Come vengono raccolti i vostri dati personali<\/strong><\/h3>\n\n\n\n<p>Raccogliamo la maggior parte di questi dati personali direttamente da voi, di persona, per telefono, via SMS o e-mail e\/o tramite il nostro sito web quando chiedete o effettuate una prenotazione o vi mettete in contatto con noi. Tuttavia, possiamo anche raccogliere informazioni con i cookie.<\/p>\n\n\n\n<h3 class=\"wp-block-heading\"><strong>La nostra politica sui cookie<\/strong><\/h3>\n\n\n\n<p><strong>1. Che cos'\u00e8 un cookie?<\/strong><\/p>\n\n\n\n<p>Un cookie \u00e8 un file di piccole dimensioni che viene collocato sul computer o sul dispositivo dell'utente e pu\u00f2 essere utilizzato per una serie di scopi, tra cui l'abilitazione delle funzionalit\u00e0 del sito web, l'analisi dell'utilizzo del sito web o il targeting della pubblicit\u00e0 e il monitoraggio delle prestazioni della campagna. Per informazioni di base sui cookie, vi suggeriamo i siti web di terze parti&nbsp;<a href=\"http:\/\/www.allaboutcookies.org\/\">Tutti i biscotti<\/a>&nbsp;e&nbsp;<a href=\"http:\/\/www.aboutcookies.org\/\">Informazioni suCookies<\/a>.<\/p>\n\n\n\n<p>Un cookie non ci d\u00e0 in alcun modo accesso al vostro computer o a qualsiasi informazione su di voi, se non i dati che decidete di condividere con noi compilando un modulo di contatto o inviandoci un'e-mail.<\/p>\n\n\n\n<p>\u00c8 possibile scegliere di accettare o rifiutare i cookie e cancellare quelli esistenti. La maggior parte dei browser web accetta automaticamente i cookie, ma di solito \u00e8 possibile modificare le impostazioni del browser per rifiutarli, se si preferisce. La sezione di aiuto del browser scelto o il relativo sito web forniranno istruzioni su come accettare, rifiutare ed eliminare i cookie.<\/p>\n\n\n\n<p>Tuttavia, il rifiuto dei cookie potrebbe impedirvi di sfruttare appieno il sito web, in quanto alcune funzionalit\u00e0 potrebbero non funzionare.<\/p>\n\n\n\n<p><strong>2. Come utilizziamo i cookie<\/strong><\/p>\n\n\n\n<p>Sui siti web dei partner di ROAST utilizziamo i cookie di Google Analytics per:<\/p>\n\n\n\n<ul class=\"wp-block-list\">\n<li>Analizzare come viene utilizzato il nostro sito web, ad esempio il volume dei visitatori del sito o di pagine specifiche<\/li>\n\n\n\n<li>Analizzare il modo in cui i visitatori hanno trovato il sito web, ad esempio esaminando le ricerche che hanno portato a visitare il sito e quali fonti di traffico hanno portato alla compilazione di un modulo di contatto o all'invio di un'e-mail.<\/li>\n<\/ul>\n\n\n\n<p>Accederemo a queste informazioni durante la vostra prima visita al nostro sito web e potremmo accedervi nuovamente durante le visite successive.&nbsp;<a href=\"https:\/\/support.google.com\/analytics\/answer\/6004245\">Per saperne di pi\u00f9 sui cookie di Google Analytics<\/a>&nbsp;sul sito di Google e scaricare un plugin per il browser che vi consenta di rifiutare i cookie di Google Analytics su qualsiasi sito web.<\/p>\n\n\n\n<p><strong>3. Quali tipi di cookie vengono utilizzati da Ultima Collection?<\/strong><\/p>\n\n\n\n<p>I tipi di cookie utilizzati sulla nostra piattaforma possono essere generalmente classificati in una delle seguenti categorie:<\/p>\n\n\n\n<ul class=\"wp-block-list\">\n<li>Strettamente necessario<\/li>\n\n\n\n<li>Prestazioni<\/li>\n\n\n\n<li>Funzionalit\u00e0<\/li>\n\n\n\n<li>Targeting<\/li>\n<\/ul>\n\n\n\n<p><strong>Cookie strettamente necessari<\/strong><\/p>\n\n\n\n<p>Questi cookie sono necessari per il funzionamento della piattaforma e non possono essere disattivati nei nostri sistemi. Di solito vengono impostati solo in risposta ad azioni compiute dall'utente che equivalgono a una richiesta di servizi, come l'impostazione delle preferenze sulla privacy, il login o la compilazione di moduli. Potete impostare il vostro browser in modo da bloccare o avvisare di questi cookie, ma alcune parti del sito non funzioneranno.<\/p>\n\n\n\n<p><strong>Cookie di prestazione<\/strong><\/p>\n\n\n\n<p>Questi cookie ci permettono di contare le visite e le fonti di traffico per poter misurare e migliorare le prestazioni del nostro sito. Ci aiutano a sapere quali sono le pagine pi\u00f9 e meno popolari e a vedere come i visitatori si muovono all'interno del sito. Tutte le informazioni raccolte da questi cookie sono aggregate e quindi anonime. Se non consentite questi cookie, non sapremo quando avete visitato il nostro sito e non saremo in grado di monitorarne le prestazioni.<\/p>\n\n\n\n<p><strong>Cookie funzionali<\/strong><\/p>\n\n\n\n<p>Questi cookie consentono alla piattaforma di fornire funzionalit\u00e0 e personalizzazioni avanzate. Possono essere impostati da noi o da fornitori terzi i cui servizi sono stati aggiunti alle nostre pagine. Se non si accettano i cookie, alcuni o tutti questi servizi potrebbero non funzionare correttamente.<\/p>\n\n\n\n<p><strong>Cookie di targeting<\/strong><\/p>\n\n\n\n<p>Questi cookie possono essere impostati attraverso il nostro sito dai nostri partner pubblicitari. Possono essere utilizzati da tali aziende per creare un profilo dei vostri interessi e mostrarvi pubblicit\u00e0 pertinenti su altri siti. Non memorizzano informazioni direttamente personali, ma si basano sull'identificazione univoca del vostro browser e del vostro dispositivo internet. Se non si consente l'utilizzo di questi cookie, la pubblicit\u00e0 sar\u00e0 meno mirata.<\/p>\n\n\n\n<h3 class=\"wp-block-heading\"><strong>Come e perch\u00e9 utilizziamo i vostri dati personali<\/strong><\/h3>\n\n\n\n<p>Ai sensi della legge sulla protezione dei dati, possiamo utilizzare i vostri dati personali solo se abbiamo un motivo valido per farlo. Tali motivi sono:<\/p>\n\n\n\n<ul class=\"wp-block-list\">\n<li>Se avete dato il vostro consenso;<\/li>\n\n\n\n<li>Per adempiere ai nostri obblighi legali e normativi;<\/li>\n\n\n\n<li>Per l'esecuzione di un contratto con voi o per prendere provvedimenti su vostra richiesta prima di stipulare un contratto; oppure<\/li>\n\n\n\n<li>Per i nostri interessi legittimi o per quelli di una terza parte.<\/li>\n<\/ul>\n\n\n\n<p>Un interesse legittimo si ha quando abbiamo un motivo commerciale o di lavoro per utilizzare le vostre informazioni, a condizione che non prevalga sui vostri diritti e interessi. Quando ci basiamo su interessi legittimi, effettuiamo una valutazione per bilanciare i nostri interessi con quelli dell'utente. La tabella seguente spiega per quali motivi utilizziamo i vostri dati personali.<\/p>\n\n\n\n<figure class=\"wp-block-table\"><table class=\"has-fixed-layout\"><tbody><tr><td><strong>Per cosa utilizziamo i vostri dati personali<\/strong><\/td><td><strong>Le nostre ragioni<\/strong><\/td><\/tr><tr><td>Fornire prodotti e\/o servizi all'utente<\/td><td>Per eseguire il nostro contratto con voi o per prendere provvedimenti su vostra richiesta prima di stipulare un contratto<\/td><\/tr><tr><td>Altre attivit\u00e0 necessarie per ottemperare agli obblighi professionali, legali e normativi che si applicano alla nostra attivit\u00e0, ad esempio ai sensi della legge sulla salute e sulla sicurezza o delle norme emanate dal nostro ente di regolamentazione professionale.<\/td><td>Per adempiere ai nostri obblighi legali e normativi<\/td><\/tr><tr><td>Garantire il rispetto delle politiche aziendali, ad esempio quelle relative alla sicurezza e all'uso di Internet.<\/td><td>Per i nostri interessi legittimi o per quelli di terzi, che consistono nell'assicurarci di seguire le nostre procedure interne in modo da potervi offrire il miglior servizio possibile.<\/td><\/tr><tr><td>Motivi operativi, come il miglioramento dell'efficienza, la formazione e il controllo della qualit\u00e0.<\/td><td>Per i nostri interessi legittimi o per quelli di terzi, che consistono nell'essere il pi\u00f9 efficienti possibile, in modo da potervi fornire il miglior servizio al miglior prezzo.<\/td><\/tr><tr><td>Garantire la riservatezza delle informazioni sensibili dal punto di vista commerciale.<\/td><td>Per i nostri interessi legittimi o per quelli di una terza parte, per proteggere i segreti commerciali e altre informazioni di valore commerciale; per rispettare i nostri obblighi legali e normativi.<\/td><\/tr><tr><td>Analisi statistiche per aiutarci a gestire la nostra attivit\u00e0, anche in relazione alle nostre prestazioni finanziarie, alla base clienti, alla gamma di prodotti o servizi o ad altre misure di efficienza.<\/td><td>Per i nostri interessi legittimi o per quelli di terzi, che consistono nell'essere il pi\u00f9 efficienti possibile, in modo da potervi fornire il miglior servizio al miglior prezzo.<\/td><\/tr><tr><td>Prevenire l'accesso e le modifiche non autorizzate ai sistemi.<\/td><td>Per i nostri interessi legittimi o per quelli di terzi, che consistono nel prevenire e individuare attivit\u00e0 criminali che potrebbero essere dannose per voi e\/o per noiPer adempiere ai nostri obblighi legali e normativi<\/td><\/tr><tr><td>Aggiornare e migliorare i dati dei clienti<\/td><td>Per eseguire il nostro contratto con voi o per prendere provvedimenti su vostra richiesta prima di stipulare un contratto; per adempiere ai nostri obblighi legali e normativi; per i nostri interessi legittimi o per quelli di una terza parte, che sono quelli di assicurarci di poter rimanere in contatto con i nostri clienti riguardo agli ordini esistenti e ai nuovi prodotti<\/td><\/tr><tr><td>Commercializzare i nostri servizi e quelli di terze parti selezionate a: clienti esistenti e precedenti; terze parti a:Clienti esistenti e precedenti; Terze parti che hanno precedentemente espresso un interesse nei nostri servizi<\/td><td>Per i nostri interessi legittimi o per quelli di una terza parte, che sono quelli di promuovere la nostra attivit\u00e0 presso i clienti esistenti e precedenti<\/td><\/tr><\/tbody><\/table><\/figure>\n\n\n\n<p>Laddove trattiamo dati personali di categoria speciale, ci assicureremo anche di essere autorizzati a farlo in base alle leggi sulla protezione dei dati e tratteremo tali dati personali solo se:<\/p>\n\n\n\n<ul class=\"wp-block-list\">\n<li>Abbiamo il vostro esplicito consenso;<\/li>\n\n\n\n<li>Il trattamento \u00e8 necessario per tutelare gli interessi vitali dell'utente (o di un'altra persona) nel caso in cui l'utente sia fisicamente o legalmente incapace di dare il proprio consenso;<\/li>\n\n\n\n<li>Oppure il trattamento \u00e8 necessario per stabilire, esercitare o difendere rivendicazioni legali.<\/li>\n<\/ul>\n\n\n\n<h3 class=\"wp-block-heading\"><strong>Marketing<\/strong><\/h3>\n\n\n\n<p>Potremmo utilizzare i vostri dati personali per inviarvi aggiornamenti via e-mail sui nostri prodotti e\/o servizi, comprese offerte esclusive, promozioni o nuovi prodotti e\/o servizi.<\/p>\n\n\n\n<p>Abbiamo un interesse legittimo a utilizzare i vostri dati personali per scopi di marketing (vedi sopra \"Come e perch\u00e9 utilizziamo i vostri dati personali\"). Ci\u00f2 significa che di solito non abbiamo bisogno del vostro consenso per inviarvi informazioni di marketing. Tuttavia, qualora sia necessario il consenso, lo chiederemo separatamente e in modo chiaro.<\/p>\n\n\n\n<p>L'utente ha il diritto di rinunciare a ricevere comunicazioni di marketing in qualsiasi momento:<\/p>\n\n\n\n<ul class=\"wp-block-list\">\n<li>Contattateci su r.gato@ultimamanagement.com<\/li>\n\n\n\n<li>Utilizzo del link \"Unsubscribe\" nelle e-mail<\/li>\n<\/ul>\n\n\n\n<p>Potremmo chiedervi di confermare o aggiornare le vostre preferenze di marketing in futuro, ad esempio in caso di modifiche alla legge, alle normative o alla struttura della nostra attivit\u00e0.<\/p>\n\n\n\n<p>Tratteremo sempre i vostri dati personali con il massimo rispetto e non li venderemo o condivideremo mai con altre organizzazioni al di fuori del gruppo Ultima Collection per scopi di marketing.<\/p>\n\n\n\n<h3 class=\"wp-block-heading\"><strong>Con chi condividiamo i vostri dati personali<\/strong><\/h3>\n\n\n\n<p>Condividiamo abitualmente i dati personali con:<\/p>\n\n\n\n<ul class=\"wp-block-list\">\n<li>Aziende che operano con il marchio Ultima Collection;<\/li>\n\n\n\n<li>Terze parti che utilizziamo per aiutarvi a fornire i nostri prodotti e\/o servizi;<\/li>\n\n\n\n<li>Altre terze parti che utilizziamo per aiutarci a gestire la nostra attivit\u00e0, ad esempio agenzie di marketing o host di siti web;<\/li>\n\n\n\n<li>Terze parti approvate dall'utente, ad esempio i siti di social media a cui l'utente sceglie di collegare il proprio account o fornitori di pagamenti terzi.<\/li>\n<\/ul>\n\n\n\n<p>Consentiamo ai nostri fornitori di servizi di trattare i vostri dati personali solo se siamo certi che adottino misure adeguate per proteggerli. Inoltre, imponiamo ai fornitori di servizi obblighi contrattuali per garantire che possano utilizzare i vostri dati personali solo per fornire servizi a noi e a voi.<\/p>\n\n\n\n<p>Potremmo anche aver bisogno di:<\/p>\n\n\n\n<ul class=\"wp-block-list\">\n<li>Divulgare e scambiare informazioni con le forze dell'ordine e gli enti normativi per ottemperare ai nostri obblighi legali e normativi; oppure<\/li>\n\n\n\n<li>Condividere alcuni dati personali con altre parti, come ad esempio potenziali acquirenti di una parte o di tutta la nostra attivit\u00e0 o durante una ristrutturazione; di solito le informazioni saranno rese anonime, ma ci\u00f2 potrebbe non essere sempre possibile, tuttavia il destinatario delle informazioni sar\u00e0 vincolato da obblighi di riservatezza.<\/li>\n<\/ul>\n\n\n\n<p>Se desiderate maggiori informazioni su chi condivide i nostri dati e perch\u00e9, contattateci (vedi \"Come contattarci\" qui sotto).<\/p>\n\n\n\n<h3 class=\"wp-block-heading\"><strong>Dove sono conservati i vostri dati personali<\/strong><\/h3>\n\n\n\n<p>I dati personali possono essere conservati presso i nostri uffici e quelli delle societ\u00e0 del nostro gruppo, dei fornitori di servizi terzi, dei rappresentanti e degli agenti come sopra descritto (vedi sopra: \"Con chi condividiamo i vostri dati personali\").<\/p>\n\n\n\n<p>Alcune di queste terze parti possono avere sede al di fuori del Regno Unito\/SEE. Per ulteriori informazioni, anche su come salvaguardare i vostri dati personali in questo caso, vedere di seguito: \"Trasferimento dei vostri dati personali al di fuori del Regno Unito e del SEE\".<\/p>\n\n\n\n<h3 class=\"wp-block-heading\">Per quanto tempo saranno conservati i vostri dati personali<\/h3>\n\n\n\n<p>Conserveremo i vostri dati personali mentre utilizzate il nostro sito web o vi forniamo prodotti e\/o servizi. In seguito, conserveremo i vostri dati personali per il tempo necessario:<\/p>\n\n\n\n<ul class=\"wp-block-list\">\n<li>Per rispondere a domande, reclami o richieste di risarcimento presentate dall'utente o per suo conto;<\/li>\n\n\n\n<li>Per dimostrare che vi abbiamo trattato in modo equo;<\/li>\n\n\n\n<li>Per tenere i registri richiesti dalla legge.<\/li>\n<\/ul>\n\n\n\n<p>Non conserveremo i vostri dati personali pi\u00f9 a lungo del necessario. Per i diversi tipi di dati personali si applicano periodi di conservazione diversi. Quando non sar\u00e0 pi\u00f9 necessario conservare i vostri dati personali, li cancelleremo o li renderemo anonimi.<\/p>\n\n\n\n<h3 class=\"wp-block-heading\"><strong>Trasferimento dei vostri dati personali fuori dal Regno Unito e dal SEE<\/strong><\/h3>\n\n\n\n<p>Per fornire servizi all'utente, a volte \u00e8 necessario condividere i suoi dati personali al di fuori del Regno Unito\/SEE:<\/p>\n\n\n\n<ul class=\"wp-block-list\">\n<li>Con i nostri uffici o altre societ\u00e0 del nostro gruppo situate al di fuori del Regno Unito\/SEE;<\/li>\n\n\n\n<li>Con i nostri fornitori di servizi situati al di fuori del Regno Unito\/SEE;<\/li>\n\n\n\n<li>Se si risiede al di fuori del Regno Unito\/SEE; oppure<\/li>\n\n\n\n<li>Quando c'\u00e8 un'altra dimensione internazionale nei servizi che vi forniamo.<\/li>\n<\/ul>\n\n\n\n<p>In base alla legge sulla protezione dei dati, possiamo trasferire i vostri dati personali a un paese o a un'organizzazione internazionale al di fuori del Regno Unito\/SEE solo se:<\/p>\n\n\n\n<ul class=\"wp-block-list\">\n<li>Il governo del Regno Unito o, nel caso in cui si applichi il GDPR dell'UE, la Commissione europea ha deciso che quel determinato Paese o organizzazione internazionale garantisce un livello adeguato di protezione dei dati personali (nota come \"decisione di adeguatezza\");<\/li>\n\n\n\n<li>Esistono garanzie adeguate, come clausole contrattuali standard approvate o sistemi di certificazione, insieme a diritti applicabili e rimedi legali efficaci per gli interessati; oppure<\/li>\n\n\n\n<li>La legge sulla protezione dei dati prevede un'eccezione specifica.<\/li>\n<\/ul>\n\n\n\n<p>In assenza di una decisione di adeguatezza o di garanzie appropriate, possiamo trasferire i dati personali a un paese terzo in cui si applica un'eccezione ai sensi della legge sulla protezione dei dati, tra cui i casi in cui:<\/p>\n\n\n\n<ul class=\"wp-block-list\">\n<li>Avete acconsentito esplicitamente al trasferimento proposto dopo essere stati informati dei possibili rischi;<\/li>\n\n\n\n<li>Il trasferimento \u00e8 necessario per l'esecuzione di un contratto tra noi o per adottare misure precontrattuali su vostra richiesta;<\/li>\n\n\n\n<li>Il trasferimento \u00e8 necessario per un contratto nel vostro interesse, tra noi e un'altra persona; oppure<\/li>\n\n\n\n<li>Il trasferimento \u00e8 necessario per stabilire, esercitare o difendere rivendicazioni legali.<\/li>\n<\/ul>\n\n\n\n<p>Possiamo anche trasferire le informazioni ai fini dei nostri legittimi interessi, a condizione che tali interessi non prevalgano sui vostri interessi, diritti e libert\u00e0. A tali trasferimenti si applicano condizioni specifiche e forniremo informazioni pertinenti se e quando cercheremo di trasferire i vostri dati personali per questo motivo.<\/p>\n\n\n\n<h3 class=\"wp-block-heading\"><strong>I vostri diritti<\/strong><\/h3>\n\n\n\n<p>Avete i seguenti diritti, che potete esercitare gratuitamente:<\/p>\n\n\n\n<ul class=\"wp-block-list\">\n<li>Ricevere una copia dei propri dati personali;<\/li>\n\n\n\n<li>Chiederci di correggere eventuali errori nei vostri dati personali;<\/li>\n\n\n\n<li>Chiederci di cancellare i vostri dati personali in determinate situazioni;<\/li>\n\n\n\n<li>Chiederci di limitare il trattamento dei vostri dati personali in determinate situazioni;<\/li>\n\n\n\n<li>Ricevere i dati personali che ci avete fornito in un formato strutturato, comunemente utilizzato e leggibile a macchina e\/o trasmettere tali dati a terzi in determinate situazioni;<\/li>\n\n\n\n<li>opporsi al trattamento dei vostri dati personali da parte nostra, in qualsiasi momento per il marketing diretto e in alcune situazioni in cui trattiamo i vostri dati per i nostri legittimi interessi; e<\/li>\n\n\n\n<li>Non essere oggetto di una decisione basata esclusivamente su un trattamento automatizzato che possa avere un impatto significativo sull'utente.<\/li>\n<\/ul>\n\n\n\n<p>Per ulteriori informazioni su ciascuno di questi diritti, comprese le circostanze in cui si applicano, vi preghiamo di contattarci (vedere \"Come contattarci\" di seguito).<\/p>\n\n\n\n<p>Se desiderate esercitare uno di questi diritti, siete pregati di farlo:<\/p>\n\n\n\n<ul class=\"wp-block-list\">\n<li>Inviarci un'e-mail, telefonare o scrivere (vedi sotto: \"Come contattarci\"); e<\/li>\n\n\n\n<li>Fornire informazioni sufficienti per identificarsi, ad esempio il nome completo, l'indirizzo e il riferimento della prenotazione e qualsiasi altra informazione sull'identit\u00e0 che possiamo ragionevolmente richiedere all'utente;<\/li>\n\n\n\n<li>Comunicateci il diritto che volete esercitare e le informazioni a cui si riferisce la vostra richiesta.<\/li>\n<\/ul>\n\n\n\n<h3 class=\"wp-block-heading\"><strong>Mantenere la sicurezza dei vostri dati personali<\/strong><\/h3>\n\n\n\n<p>Disponiamo di misure di sicurezza adeguate per evitare che i dati personali vadano accidentalmente persi o che vengano utilizzati o consultati illegalmente. Limitiamo l'accesso ai vostri dati personali a coloro che hanno una reale necessit\u00e0 di accedervi. Coloro che trattano i vostri dati lo fanno solo in modo autorizzato e sono soggetti al dovere di riservatezza.<\/p>\n\n\n\n<p>Disponiamo inoltre di procedure per affrontare qualsiasi sospetta violazione della sicurezza dei dati. Notificheremo all'utente e a qualsiasi autorit\u00e0 di regolamentazione applicabile una sospetta violazione della sicurezza dei dati laddove siamo tenuti per legge a farlo.<\/p>","protected":false},"excerpt":{"rendered":"<p>This privacy policy contains important information on who we are and how and why we collect, store, use and share your personal data. It also explains your rights in relation to your personal data and how to contact us or supervisory authorities in the event you have a complaint. This privacy policy is issued on [&hellip;]<\/p>","protected":false},"author":1,"featured_media":0,"parent":0,"menu_order":0,"comment_status":"closed","ping_status":"closed","template":"","meta":{"_seopress_robots_primary_cat":"","_seopress_titles_title":"","_seopress_titles_desc":"","_seopress_robots_index":"","footnotes":""},"class_list":["post-490","page","type-page","status-publish","hentry"],"acf":[],"_links":{"self":[{"href":"https:\/\/arthoteltartini.com\/it\/wp-json\/wp\/v2\/pages\/490","targetHints":{"allow":["GET"]}}],"collection":[{"href":"https:\/\/arthoteltartini.com\/it\/wp-json\/wp\/v2\/pages"}],"about":[{"href":"https:\/\/arthoteltartini.com\/it\/wp-json\/wp\/v2\/types\/page"}],"author":[{"embeddable":true,"href":"https:\/\/arthoteltartini.com\/it\/wp-json\/wp\/v2\/users\/1"}],"replies":[{"embeddable":true,"href":"https:\/\/arthoteltartini.com\/it\/wp-json\/wp\/v2\/comments?post=490"}],"version-history":[{"count":0,"href":"https:\/\/arthoteltartini.com\/it\/wp-json\/wp\/v2\/pages\/490\/revisions"}],"wp:attachment":[{"href":"https:\/\/arthoteltartini.com\/it\/wp-json\/wp\/v2\/media?parent=490"}],"curies":[{"name":"wp","href":"https:\/\/api.w.org\/{rel}","templated":true}]}}