{"id":487,"date":"2025-07-13T12:31:44","date_gmt":"2025-07-13T12:31:44","guid":{"rendered":"https:\/\/arthoteltartini.com\/?page_id=487"},"modified":"2026-04-08T04:21:44","modified_gmt":"2026-04-08T04:21:44","slug":"terms-of-service","status":"publish","type":"page","link":"https:\/\/arthoteltartini.com\/sl\/terms-of-service\/","title":{"rendered":"Pogoji uporabe storitev"},"content":{"rendered":"<h2 class=\"wp-block-heading\">Podatki o podjetju:<\/h2>\n\n\n\n<p>Art Hotel Tartini d.o.o.<\/p>\n\n\n\n<p>Tartinijev trg 15<\/p>\n\n\n\n<p>6330 Piran<\/p>\n\n\n\n<p>Dav\u010dna \u0161tevilka: SI78722381<\/p>\n\n\n\n<p>Registracijska \u0161tevilka: 9569120000<\/p>\n\n\n\n<h2 class=\"wp-block-heading\">Pla\u010dilo<\/h2>\n\n\n\n<p>Za zagotovitev rezervacije je treba predlo\u017eiti veljavno kreditno kartico. V skladu s standardnim hotelskim pravilnikom o rezervacijah va\u0161a kreditna kartica ne bo obremenjena. Podatke o kreditni kartici posredujete izklju\u010dno za namen potrditve rezervacije in pred va\u0161im prihodom ne bomo bremenili va\u0161e kartice, razen v primeru pozne odpovedi, neudele\u017ebe ali vnaprej pla\u010dane rezervacije.<\/p>\n\n\n\n<p>Sprejemamo naslednje kartice: Visa, Euro\/Mastercard in Maestro. Hotel si pridr\u017euje pravico do predhodne odobritve kreditne kartice pred prihodom.<\/p>\n\n\n\n<h2 class=\"wp-block-heading\">Prijava\/odjava gostov:<\/h2>\n\n\n\n<p>Prijava: od 15.00 do 24.00<\/p>\n\n\n\n<p>Odjava: do 11:00.<\/p>\n\n\n\n<p>Rezervirano sobo bomo za gosta hranili do polno\u010di na dan prihoda. V primeru poznega prihoda mora gost o tem vnaprej obvestiti hotel, najkasneje do polno\u010di na dan prihoda. \u010ce gost ne obvesti hotela pravo\u010dasno, hotel ni dol\u017ean obdr\u017eati sobe za gosta in ima pravico gostu zara\u010dunati stro\u0161ek neprihoda.<\/p>\n\n\n\n<p>Zgodnja prijava ali pozna odjava sta mogo\u010di le glede na razpolo\u017eljivost sobe in po predhodnem dogovoru z osebjem recepcije. Za odhod po 11:00 se zara\u010duna 50% cene sobe do 17:00. Za odhod po 17:00 se zara\u010duna polna cena sobe.<\/p>\n\n\n\n<h2 class=\"wp-block-heading\">Parkiri\u0161\u010de<\/h2>\n\n\n\n<p>Hotel nima parkiri\u0161\u010d. Parkirate lahko v gara\u017ei Forna\u010de (naslov: Forna\u010de 23, 6330 Piran). Na\u0161i gostje so upravi\u010deni do zni\u017eane cene parkiranja - parkirno karto lahko potrdite in pla\u010date na recepciji. Od gara\u017ene hi\u0161e Forna\u010de do sredi\u0161\u010da Pirana vozi avtobusni prevoz pribli\u017eno vsakih 10-15 minut. Parkirnih mest ne moremo rezervirati vnaprej.<\/p>\n\n\n\n<h2 class=\"wp-block-heading\">Turisti\u010dna taksa<\/h2>\n\n\n\n<p>Turisti\u010dna taksa ni vklju\u010dena v ceno namestitve in se zara\u010duna na naslednji na\u010din: za osebe, starej\u0161e od 18 let: 3,13 EUR na no\u010d, za otroke, stare od 7 do 16,99 let: 1,57 EUR na no\u010d; otroci do 6,99 leta so opro\u0161\u010deni pla\u010dila turisti\u010dne takse. Pri rezervaciji po e-po\u0161ti, telefonu ali katerem koli drugem kanalu navedite \u0161tevilo oseb, ki bodo dejansko bivale v sobi, ne glede na njihovo starost.<\/p>\n\n\n\n<h2 class=\"wp-block-heading\">Prijava v hotelu<\/h2>\n\n\n\n<p>Zaradi varnostnih razlogov morajo imeti gostje ob prijavi pri sebi veljaven osebni dokument (osebno izkaznico ali potni list). Gostje morajo kot garancijo predlo\u017eiti podatke o kreditni kartici. \u010ce je gost te podatke navedel \u017ee ob rezervaciji, jih mora zaradi varnostnih razlogov ob prihodu ponovno posredovati. Kreditna kartica mora biti fizi\u010dno prisotna. V primeru izjemnih storitev ima hotel pravico zara\u010dunati gostovo kreditno kartico, ki je navedena kot jamstvo za dolo\u010dene sobe in dol\u017eino bivanja na prijavnih obrazcih.<\/p>\n\n\n\n<h2 class=\"wp-block-heading\">Pravila in pogoji ter pravilnik o odpovedi<\/h2>\n\n\n\n<p>POSAMEZNIKI:<\/p>\n\n\n\n<p>Guests may cancel their reservation free of charge up to 2 days prior to arrival. In case of cancellation within 2 days prior to arrival, the full price of the reservation will be charged. If the guest does not show up on the day of arrival, the full price of the reservation will be charged.<\/p>\n\n\n\n<p>Dopla\u010dila in popusti za osebe na dodatnih le\u017ei\u0161\u010dih.<\/p>\n\n\n\n<p>Otroci do vklju\u010dno 5. leta starosti bivajo brezpla\u010dno v isti postelji ali otro\u0161ki posteljici. Dodatne postelje so na voljo le v sobah Deluxe in predsedni\u0161ki suiti (30 EUR na no\u010d).<\/p>\n\n\n\n<p>Special payment and cancellation conditions apply to all reservations of 4 or more rooms.<\/p>\n\n\n\n<p>Hotel ni odgovoren za neizpolnitev svojih obveznosti v primeru vi\u0161je sile (naravne nesre\u010de, izredne okoli\u0161\u010dine, stavke, pandemije itd.).<\/p>\n\n\n\n<h2 class=\"wp-block-heading\">Hi\u0161na pravila<\/h2>\n\n\n\n<p>Hotel si pridr\u017euje pravico, da v primeru neprimernega vedenja, neupo\u0161tevanja hi\u0161nega reda, povzro\u010danja motenj, ogro\u017eanja varnosti drugih gostov ali osebja ali namernega uni\u010devanja hotelske lastnine zavrne gostovo bivanje ali nadaljnjo uporabo storitev.<\/p>\n\n\n\n<p>Gostje v hotel ne smejo prina\u0161ati nevarnih snovi in predmetov (npr. oro\u017eja, eksploziva, vnetljivih snovi, prepovedanih drog). Prav tako ni dovoljeno uporabljati lastnih elektri\u010dnih grelnih naprav ali pripravljati hrane v sobah, razen \u010de je to izrecno dovoljeno (npr. v apartmajih s kuhinjsko ni\u0161o).<\/p>\n\n\n\n<p>Gostje morajo spo\u0161tovati javni red in mir, zlasti pono\u010di med 22.00 in 6.00. V primeru kr\u0161itev si hotel pridr\u017euje pravico do takoj\u0161nje odpovedi rezervacije brez povra\u010dila stro\u0161kov.<\/p>\n\n\n\n<h2 class=\"wp-block-heading\">Hi\u0161ni ljubljen\u010dki<\/h2>\n\n\n\n<p>Hi\u0161ni ljubljen\u010dki so v objektu dovoljeni po predhodnem obvestilu gosta. Dnevno dopla\u010dilo za njihovo bivanje zna\u0161a 25 evrov.<\/p>\n\n\n\n<h2 class=\"wp-block-heading\">Kajenje<\/h2>\n\n\n\n<p>Kajenje je v hotelu strogo prepovedano. Vse hotelske sobe so nekadilske. V primeru kr\u0161itve tega hotelskega pravila se gostu zara\u010duna dodatna pristojbina za \u010di\u0161\u010denje v vi\u0161ini 300 EUR.<\/p>\n\n\n\n<p>Hotelski gostje lahko kadijo na zunanjih povr\u0161inah hotela (terasa hotelskega bara, pred vhodom v hotel ali stranskim vhodom v hotel).<\/p>\n\n\n\n<h2 class=\"wp-block-heading\">Zajtrk<\/h2>\n\n\n\n<p>Breakfast is served in the hotel restaurant from 7:00 to 10:00.<\/p>\n\n\n\n<h2 class=\"wp-block-heading\">Hotelska lastnina<\/h2>\n\n\n\n<p>Gostje so dol\u017eni skrbeti za hotelsko lastnino, kot da bi bila njihova last. V primeru po\u0161kodbe ali izgube se gostom zara\u010dunajo stro\u0161ki nastale \u0161kode.<\/p>\n\n\n\n<p>Gost je seznanjen z vsemi pogoji pogodbe\/ponudbe v zvezi s svojim bivanjem, obveznostmi glede stro\u0161kov, povezanih z najemom sobe in drugimi storitvami, ter morebitno \u0161kodo, ki presega obi\u010dajno obrabo v \u010dasu najema.<\/p>\n\n\n\n<p>Hotel ni odgovoren za krajo, izgubo ali po\u0161kodbo osebnih stvari gostov, razen v primeru hude malomarnosti osebja. Gostom svetujemo, da svoje dragocenosti shranijo v hotelskem sefu.<\/p>\n\n\n\n<h2 class=\"wp-block-heading\">Varstvo osebnih podatkov in zaupnost<\/h2>\n\n\n\n<p>Hotel spo\u0161tuje pravila o zaupnosti in deluje v skladu s predpisi o varstvu osebnih podatkov. Ob prijavi morajo gostje predlo\u017eiti veljaven osebni dokument s fotografijo, iz katerega receptor uporabi naslednje podatke za nadaljnjo obdelavo: ime in priimek, datum rojstva, spol in dr\u017eavljanstvo. Enake podatke receptor zahteva tudi od spremljevalcev gostov. Osebni podatki se uporabljajo za rezervacijo sobe, pla\u010dilo in registracijo pri policiji (Ajpes), ki jo zahteva zakon. Ob prijavi v hotelu receptor preveri tudi \u0161tevilko in veljavnost kreditne kartice.<\/p>\n\n\n\n<p>Veselimo se va\u0161ega obiska in vam \u017eelimo prijetno bivanje pri nas.<\/p>","protected":false},"excerpt":{"rendered":"<p>Company details: Art Hotel Tartini d.o.o. Tartinijev trg 15 6330 Piran Tax number: SI78722381 Registration number: 9569120000 Payment A valid credit card is required to guarantee your reservation. In accordance with the hotel's standard reservation policy, your credit card will not be charged. Credit card details are provided solely for the purpose of confirming your [&hellip;]<\/p>","protected":false},"author":1,"featured_media":0,"parent":0,"menu_order":0,"comment_status":"closed","ping_status":"closed","template":"","meta":{"_seopress_robots_primary_cat":"","_seopress_titles_title":"","_seopress_titles_desc":"","_seopress_robots_index":"","footnotes":""},"class_list":["post-487","page","type-page","status-publish","hentry"],"acf":[],"_links":{"self":[{"href":"https:\/\/arthoteltartini.com\/sl\/wp-json\/wp\/v2\/pages\/487","targetHints":{"allow":["GET"]}}],"collection":[{"href":"https:\/\/arthoteltartini.com\/sl\/wp-json\/wp\/v2\/pages"}],"about":[{"href":"https:\/\/arthoteltartini.com\/sl\/wp-json\/wp\/v2\/types\/page"}],"author":[{"embeddable":true,"href":"https:\/\/arthoteltartini.com\/sl\/wp-json\/wp\/v2\/users\/1"}],"replies":[{"embeddable":true,"href":"https:\/\/arthoteltartini.com\/sl\/wp-json\/wp\/v2\/comments?post=487"}],"version-history":[{"count":0,"href":"https:\/\/arthoteltartini.com\/sl\/wp-json\/wp\/v2\/pages\/487\/revisions"}],"wp:attachment":[{"href":"https:\/\/arthoteltartini.com\/sl\/wp-json\/wp\/v2\/media?parent=487"}],"curies":[{"name":"wp","href":"https:\/\/api.w.org\/{rel}","templated":true}]}}