{"id":490,"date":"2025-07-13T12:37:57","date_gmt":"2025-07-13T12:37:57","guid":{"rendered":"https:\/\/arthoteltartini.com\/?page_id=490"},"modified":"2025-07-13T12:37:57","modified_gmt":"2025-07-13T12:37:57","slug":"cookie-policy","status":"publish","type":"page","link":"https:\/\/arthoteltartini.com\/sl\/cookie-policy\/","title":{"rendered":"Pravilnik o pi\u0161kotkih"},"content":{"rendered":"<p>Ta pravilnik o zasebnosti vsebuje pomembne informacije o tem, kdo smo ter kako in zakaj zbiramo, hranimo, uporabljamo in posredujemo va\u0161e osebne podatke. Pojasnjuje tudi va\u0161e pravice v zvezi z osebnimi podatki in kako se lahko obrnete na nas ali nadzorne organe v primeru prito\u017ebe.<\/p>\n\n\n\n<p>Ta pravilnik o zasebnosti je izdan v imenu skupine podjetij, ki delujejo pod blagovno znamko Ultima Collection. Ko v tem pravilniku o zasebnosti omenjamo Ultima Collection, \"mi\", \"nas\" ali \"na\u0161e\", imamo v mislih ustrezno podjetje v skupini, ki je odgovorno za obdelavo va\u0161ih osebnih podatkov. ULT Management GS SA je upravljavec, odgovoren za to spletno mesto. Kdo je odgovoren za obdelavo va\u0161ih osebnih podatkov, nas lahko vpra\u0161ate, ko pri nas kupujete izdelke in\/ali storitve.<\/p>\n\n\n\n<p>Zbiramo, uporabljamo in smo odgovorni za dolo\u010dene va\u0161e osebne podatke. Pri tem za nas velja Splo\u0161na uredba o varstvu podatkov Zdru\u017eenega kraljestva (UK GDPR). Prav tako za nas veljata Splo\u0161na uredba EU o varstvu podatkov (EU GDPR) v zvezi z blagom in storitvami, ki jih ponujamo posameznikom, ter na\u0161e \u0161ir\u0161e delovanje v Evropskem gospodarskem prostoru (EGP) in \u0161vicarski zvezni zakon o varstvu podatkov iz leta 1992 (FDPA).<\/p>\n\n\n\n<h3 class=\"wp-block-heading\"><strong>Klju\u010dni izrazi<\/strong><\/h3>\n\n\n\n<p>Najprej bi bilo koristno pojasniti nekatere klju\u010dne izraze, ki se uporabljajo v tej politiki:<\/p>\n\n\n\n<figure class=\"wp-block-table\"><table class=\"has-fixed-layout\"><tbody><tr><td><strong>Osebni podatki<\/strong><\/td><td><strong>Vse informacije v zvezi z identificiranim ali dolo\u010dljivim posameznikom.<\/strong><\/td><\/tr><tr><td>Osebni podatki posebne kategorije<\/td><td>Osebni podatki, ki razkrivajo rasno ali etni\u010dno poreklo, politi\u010dna mnenja, verska prepri\u010danja, filozofska prepri\u010danja ali \u010dlanstvo v sindikatuGenetski in biometri\u010dni podatki (kadar se obdelujejo za enoli\u010dno identifikacijo posameznika)Podatki o zdravju, spolnem \u017eivljenju ali spolni usmerjenosti<\/td><\/tr><tr><td>Posameznik, na katerega se nana\u0161ajo osebni podatki<\/td><td>posameznik, na katerega se osebni podatki nana\u0161ajo.<\/td><\/tr><\/tbody><\/table><\/figure>\n\n\n\n<h3 class=\"wp-block-heading\"><strong>Osebni podatki, ki jih zbiramo o vas<\/strong><\/h3>\n\n\n\n<p>O vas lahko zbiramo in uporabljamo naslednje osebne podatke:<\/p>\n\n\n\n<ul class=\"wp-block-list\">\n<li>Va\u0161e ime in kontaktne podatke, vklju\u010dno z e-po\u0161tnim naslovom in telefonsko \u0161tevilko.<\/li>\n\n\n\n<li>Va\u0161 spol<\/li>\n\n\n\n<li>va\u0161i podatki o obra\u010dunu, transakcijah in pla\u010dilnih karticah.<\/li>\n\n\n\n<li>va\u0161i osebni ali poklicni interesi ali preference.<\/li>\n\n\n\n<li>Informacije o tem, kako uporabljate na\u0161e spletno mesto, IT, komunikacijske in druge sisteme.<\/li>\n<\/ul>\n\n\n\n<p>Te osebne podatke zbiramo in uporabljamo za zagotavljanje izdelkov in\/ali storitev za vas. \u010ce ne zagotovite osebnih podatkov, ki jih zahtevamo, lahko to povzro\u010di zamudo ali prepre\u010di, da bi vam zagotovili te izdelke in\/ali storitve.<\/p>\n\n\n\n<h3 class=\"wp-block-heading\"><strong>Kako se zbirajo va\u0161i osebni podatki<\/strong><\/h3>\n\n\n\n<p>Ve\u010dino teh osebnih podatkov zbiramo neposredno od vas, osebno, po telefonu, besedilu ali e-po\u0161ti in\/ali prek na\u0161ega spletnega mesta, ko se pozanimate o rezervaciji, jo opravite ali stopite v stik z nami. Vendar pa lahko podatke zbiramo tudi s pi\u0161kotki.<\/p>\n\n\n\n<h3 class=\"wp-block-heading\"><strong>Na\u0161 pravilnik o pi\u0161kotkih<\/strong><\/h3>\n\n\n\n<p><strong>1. Kaj je pi\u0161kotek?<\/strong><\/p>\n\n\n\n<p>Pi\u0161kotek je majhna datoteka, ki se namesti v va\u0161 ra\u010dunalnik ali napravo in se lahko uporablja za razli\u010dne namene, vklju\u010dno z omogo\u010danjem delovanja spletnega mesta, analiziranjem uporabe spletnega mesta ali usmerjanjem ogla\u0161evanja in sledenjem uspe\u0161nosti kampanje. Za osnovne informacije o pi\u0161kotkih predlagamo spletna mesta tretjih oseb&nbsp;<a href=\"http:\/\/www.allaboutcookies.org\/\">AllAboutCookies<\/a>&nbsp;in .&nbsp;<a href=\"http:\/\/www.aboutcookies.org\/\">O pi\u0161kotkih<\/a>.<\/p>\n\n\n\n<p>Pi\u0161kotek nam na noben na\u010din ne omogo\u010da dostopa do va\u0161ega ra\u010dunalnika ali kakr\u0161nih koli informacij o vas, razen podatkov, ki jih \u017eelite deliti z nami, \u010de izpolnite kontaktni obrazec ali nam po\u0161ljete e-po\u0161to.<\/p>\n\n\n\n<p>Izberete lahko, ali \u017eelite sprejeti ali zavrniti pi\u0161kotke in izbrisati obstoje\u010de pi\u0161kotke. Ve\u010dina spletnih brskalnikov samodejno sprejme pi\u0161kotke, vendar lahko obi\u010dajno spremenite nastavitve brskalnika in pi\u0161kotke zavrnete, \u010de \u017eelite. V razdelku za pomo\u010d izbranega brskalnika ali na spremljajo\u010di spletni strani so na voljo navodila za sprejemanje, zavra\u010danje in brisanje pi\u0161kotkov.<\/p>\n\n\n\n<p>\u010ce zavrnete pi\u0161kotke, morda ne boste mogli v celoti izkoristiti prednosti spletnega mesta, saj nekatere funkcije morda ne bodo delovale.<\/p>\n\n\n\n<p><strong>2. Kako uporabljamo pi\u0161kotke<\/strong><\/p>\n\n\n\n<p>Na spletnih mestih partnerjev ROAST uporabljamo pi\u0161kotke Google Analytics za:<\/p>\n\n\n\n<ul class=\"wp-block-list\">\n<li>analizirati, kako se na\u0161e spletno mesto uporablja, na primer \u0161tevilo obiskovalcev spletnega mesta ali dolo\u010denih strani.<\/li>\n\n\n\n<li>analizirajte, kako so obiskovalci na\u0161li spletno mesto, na primer pregled iskanj, ki so pripeljala do obiskovalca spletnega mesta, in kateri viri prometa so pripeljali do izpolnitve kontaktnega obrazca ali po\u0161iljanja e-po\u0161te.<\/li>\n<\/ul>\n\n\n\n<p>Do teh podatkov bomo dostopali ob va\u0161em prvem obisku na\u0161ega spletnega mesta in lahko do njih ponovno dostopamo ob naslednjih obiskih.&nbsp;<a href=\"https:\/\/support.google.com\/analytics\/answer\/6004245\">Ve\u010d o pi\u0161kotkih Google Analytics si lahko preberete<\/a>&nbsp;na Googlovem spleti\u0161\u010du in prenesite vti\u010dnik za brskalnik, ki vam omogo\u010da odjavo pi\u0161kotkov Google Analytics na katerem koli spleti\u0161\u010du.<\/p>\n\n\n\n<p><strong>3. Katere vrste pi\u0161kotkov uporablja Ultima Collection?<\/strong><\/p>\n\n\n\n<p>Vrste pi\u0161kotkov, ki se uporabljajo na na\u0161i platformi, lahko na splo\u0161no uvrstimo v eno od naslednjih kategorij:<\/p>\n\n\n\n<ul class=\"wp-block-list\">\n<li>Nujno potrebno<\/li>\n\n\n\n<li>Uspe\u0161nost<\/li>\n\n\n\n<li>Funkcionalnost<\/li>\n\n\n\n<li>Ciljanje na<\/li>\n<\/ul>\n\n\n\n<p><strong>Nujno potrebni pi\u0161kotki<\/strong><\/p>\n\n\n\n<p>Ti pi\u0161kotki so potrebni za delovanje platforme in jih v na\u0161ih sistemih ni mogo\u010de izklopiti. Obi\u010dajno se nastavijo le kot odziv na va\u0161a dejanja, ki pomenijo zahtevo po storitvah, kot so nastavitev nastavitev zasebnosti, prijava ali izpolnjevanje obrazcev. Brskalnik lahko nastavite tako, da te pi\u0161kotke blokira ali vas opozori nanje, vendar nekateri deli spletnega mesta potem ne bodo delovali.<\/p>\n\n\n\n<p><strong>Pi\u0161kotki za u\u010dinkovitost<\/strong><\/p>\n\n\n\n<p>Ti pi\u0161kotki nam omogo\u010dajo \u0161tetje obiskov in virov prometa, da lahko merimo in izbolj\u0161ujemo delovanje na\u0161ega spletnega mesta. Pomagajo nam ugotoviti, katere strani so najbolj in katere najmanj priljubljene, in ugotoviti, kako se obiskovalci gibljejo po spletnem mestu. Vse informacije, ki jih ti pi\u0161kotki zbirajo, so zdru\u017eene in zato anonimne. \u010ce teh pi\u0161kotkov ne dovolite, ne bomo vedeli, kdaj ste obiskali na\u0161e spletno mesto, in ne bomo mogli spremljati njegovega delovanja.<\/p>\n\n\n\n<p><strong>Funkcionalni pi\u0161kotki<\/strong><\/p>\n\n\n\n<p>Ti pi\u0161kotki platformi omogo\u010dajo izbolj\u0161ano funkcionalnost in prilagajanje. Nastavimo jih lahko mi ali tretji ponudniki, katerih storitve smo dodali na na\u0161e strani. \u010ce pi\u0161kotkov ne dovolite, nekatere ali vse te storitve morda ne bodo delovale pravilno.<\/p>\n\n\n\n<p><strong>Ciljni pi\u0161kotki<\/strong><\/p>\n\n\n\n<p>Te pi\u0161kotke lahko na na\u0161em spletnem mestu namestijo na\u0161i ogla\u0161evalski partnerji. Ta podjetja jih lahko uporabljajo za oblikovanje profila va\u0161ih interesov in prikazovanje ustreznih oglasov na drugih spletnih mestih. Ne shranjujejo neposredno osebnih podatkov, temve\u010d temeljijo na edinstvenem prepoznavanju va\u0161ega brskalnika in internetne naprave. \u010ce teh pi\u0161kotkov ne boste dovolili, boste dele\u017eni manj ciljno usmerjenega ogla\u0161evanja.<\/p>\n\n\n\n<h3 class=\"wp-block-heading\"><strong>Kako in zakaj uporabljamo va\u0161e osebne podatke<\/strong><\/h3>\n\n\n\n<p>V skladu z zakonom o varstvu podatkov lahko va\u0161e osebne podatke uporabimo le, \u010de imamo za to ustrezen razlog. Ti razlogi so:<\/p>\n\n\n\n<ul class=\"wp-block-list\">\n<li>\u010de ste dali soglasje;<\/li>\n\n\n\n<li>za izpolnjevanje na\u0161ih zakonskih in regulativnih obveznosti;<\/li>\n\n\n\n<li>za izvajanje pogodbe z vami ali za ukrepanje na va\u0161o zahtevo pred sklenitvijo pogodbe; ali<\/li>\n\n\n\n<li>za na\u0161e zakonite interese ali interese tretje osebe.<\/li>\n<\/ul>\n\n\n\n<p>Zakoniti interes je, kadar imamo poslovni ali komercialni razlog za uporabo va\u0161ih podatkov, \u010de nad njim ne prevladajo va\u0161e pravice in interesi. Kadar se sklicujemo na zakonite interese, bomo opravili oceno, da bi uravnote\u017eili na\u0161e in va\u0161e interese. V spodnji preglednici je pojasnjeno, za kaj uporabljamo va\u0161e osebne podatke in zakaj.<\/p>\n\n\n\n<figure class=\"wp-block-table\"><table class=\"has-fixed-layout\"><tbody><tr><td><strong>Za kaj uporabljamo va\u0161e osebne podatke<\/strong><\/td><td><strong>Na\u0161i razlogi<\/strong><\/td><\/tr><tr><td>Zagotavljanje izdelkov in\/ali storitev za vas.<\/td><td>za izpolnitev pogodbe z vami ali za sprejetje ukrepov na va\u0161o zahtevo pred sklenitvijo pogodbe.<\/td><\/tr><tr><td>druge dejavnosti, potrebne za izpolnjevanje strokovnih, pravnih in regulativnih obveznosti, ki veljajo za na\u0161e poslovanje, npr. v skladu z zakonodajo o zdravju in varnosti ali pravili, ki jih je izdal na\u0161 poklicni regulator.<\/td><td>za izpolnjevanje na\u0161ih zakonskih in regulativnih obveznosti.<\/td><\/tr><tr><td>Zagotavljanje upo\u0161tevanja poslovnih pravilnikov, npr. pravilnikov o varnosti in uporabi interneta.<\/td><td>za na\u0161e zakonite interese ali interese tretje osebe, ki so zagotavljanje, da upo\u0161tevamo svoje notranje postopke, da vam lahko zagotovimo najbolj\u0161o storitev.<\/td><\/tr><tr><td>operativni razlogi, kot so izbolj\u0161anje u\u010dinkovitosti, usposabljanje in nadzor kakovosti.<\/td><td>Za na\u0161e zakonite interese ali interese tretje osebe, ki so \u010dim ve\u010dja u\u010dinkovitost, da vam lahko zagotovimo najbolj\u0161o storitev po najbolj\u0161i ceni.<\/td><\/tr><tr><td>zagotavljanje zaupnosti poslovno ob\u010dutljivih informacij.<\/td><td>Za na\u0161e zakonite interese ali interese tretje osebe, ki so varovanje poslovnih skrivnosti in drugih poslovno dragocenih informacij; za izpolnjevanje na\u0161ih zakonskih in regulativnih obveznosti.<\/td><\/tr><tr><td>statisti\u010dne analize, ki nam pomagajo pri upravljanju na\u0161ega poslovanja, vklju\u010dno v zvezi z na\u0161o finan\u010dno uspe\u0161nostjo, bazo strank, ponudbo izdelkov ali storitev ali drugimi ukrepi u\u010dinkovitosti.<\/td><td>Za na\u0161e zakonite interese ali interese tretje osebe, ki so \u010dim ve\u010dja u\u010dinkovitost, da vam lahko zagotovimo najbolj\u0161o storitev po najbolj\u0161i ceni.<\/td><\/tr><tr><td>Prepre\u010devanje nepoobla\u0161\u010denega dostopa do sistemov in njihovih sprememb.<\/td><td>Za na\u0161e zakonite interese ali interese tretje osebe, ki so prepre\u010devanje in odkrivanje kaznivih dejanj, ki bi lahko \u0161kodovala vam in\/ali nam Za izpolnjevanje na\u0161ih zakonskih in regulativnih obveznosti.<\/td><\/tr><tr><td>Posodabljanje in izbolj\u0161evanje evidenc strank<\/td><td>za izpolnitev pogodbe z vami ali za ukrepanje na va\u0161o zahtevo pred sklenitvijo pogodbe; za izpolnjevanje na\u0161ih zakonskih in regulativnih obveznosti; za na\u0161e zakonite interese ali interese tretje osebe, ki so zagotavljanje, da lahko ostanemo v stiku z na\u0161imi strankami glede obstoje\u010dih naro\u010dil in novih izdelkov.<\/td><\/tr><tr><td>Tr\u017eenje na\u0161ih storitev in storitev izbranih tretjih oseb: obstoje\u010dim in nekdanjim strankam; tretjim osebam:obstoje\u010dim in nekdanjim strankam; tretjim osebam, ki so predhodno izrazile zanimanje za na\u0161e storitve.<\/td><td>za na\u0161e zakonite interese ali interese tretje osebe, ki so promocija na\u0161ega podjetja med obstoje\u010dimi in nekdanjimi strankami.<\/td><\/tr><\/tbody><\/table><\/figure>\n\n\n\n<p>Kadar obdelujemo osebne podatke posebne kategorije, bomo zagotovili, da nam to dovoljujejo zakoni o varstvu podatkov, in bomo take osebne podatke obdelovali le, \u010de:<\/p>\n\n\n\n<ul class=\"wp-block-list\">\n<li>Imamo va\u0161e izrecno soglasje;<\/li>\n\n\n\n<li>Obdelava je potrebna za za\u0161\u010dito va\u0161ih (ali nekih drugih) \u017eivljenjskih interesov, \u010de fizi\u010dno ali pravno niste sposobni dati soglasja;<\/li>\n\n\n\n<li>Ali pa je obdelava potrebna za uveljavljanje, izvajanje ali obrambo pravnih zahtevkov.<\/li>\n<\/ul>\n\n\n\n<h3 class=\"wp-block-heading\"><strong>Tr\u017eenje<\/strong><\/h3>\n\n\n\n<p>Va\u0161e osebne podatke lahko uporabimo za po\u0161iljanje posodobitev po e-po\u0161ti o na\u0161ih izdelkih in\/ali storitvah, vklju\u010dno z ekskluzivnimi ponudbami, promocijami ali novimi izdelki in\/ali storitvami.<\/p>\n\n\n\n<p>Imamo zakonit interes za uporabo va\u0161ih osebnih podatkov za namene tr\u017eenja (glejte zgoraj \"Kako in zakaj uporabljamo va\u0161e osebne podatke\"). To pomeni, da za po\u0161iljanje tr\u017enih informacij obi\u010dajno ne potrebujemo va\u0161e privolitve. Kadar pa soglasje potrebujemo, vas bomo zanj lo\u010deno in jasno prosili.<\/p>\n\n\n\n<p>Kadar koli se lahko odjavite od prejemanja tr\u017enih sporo\u010dil, in sicer tako, da:<\/p>\n\n\n\n<ul class=\"wp-block-list\">\n<li>Kontaktirajte nas na r.gato@ultimamanagement.com<\/li>\n\n\n\n<li>Uporaba povezave \"Odjava\" v e-po\u0161tnih sporo\u010dilih<\/li>\n<\/ul>\n\n\n\n<p>V prihodnosti vas lahko prosimo, da potrdite ali posodobite svoje tr\u017ene preference; na primer, \u010de se spremeni zakonodaja, predpisi ali struktura na\u0161ega poslovanja.<\/p>\n\n\n\n<p>Z va\u0161imi osebnimi podatki bomo vedno ravnali zelo spo\u0161tljivo in jih nikoli ne bomo prodajali ali delili z drugimi organizacijami zunaj skupine podjetij Ultima Collection za namene tr\u017eenja.<\/p>\n\n\n\n<h3 class=\"wp-block-heading\"><strong>S kom delimo va\u0161e osebne podatke<\/strong><\/h3>\n\n\n\n<p>Osebne podatke redno delimo z:<\/p>\n\n\n\n<ul class=\"wp-block-list\">\n<li>Podjetja, ki delujejo pod blagovno znamko Ultima Collection;<\/li>\n\n\n\n<li>Tretje osebe, ki jih uporabljamo za pomo\u010d pri zagotavljanju na\u0161ih izdelkov in\/ali storitev;<\/li>\n\n\n\n<li>druge tretje osebe, ki jih uporabljamo za pomo\u010d pri vodenju na\u0161ega poslovanja, npr. agencije za tr\u017eenje ali gostitelji spletnih strani;<\/li>\n\n\n\n<li>Tretje osebe, ki ste jih odobrili, npr. spletna mesta dru\u017eabnih medijev, s katerimi \u017eelite povezati svoj ra\u010dun, ali tretji ponudniki pla\u010dilnih storitev.<\/li>\n<\/ul>\n\n\n\n<p>Ponudnikom storitev dovolimo ravnanje z va\u0161imi osebnimi podatki le, \u010de smo prepri\u010dani, da izvajajo ustrezne ukrepe za za\u0161\u010dito va\u0161ih osebnih podatkov. Ponudnikom storitev nalagamo tudi pogodbene obveznosti, s katerimi zagotavljamo, da lahko va\u0161e osebne podatke uporabljajo le za zagotavljanje storitev za nas in za vas.<\/p>\n\n\n\n<p>Morda bomo potrebovali tudi:<\/p>\n\n\n\n<ul class=\"wp-block-list\">\n<li>razkritje in izmenjava informacij z organi pregona in regulativnimi organi zaradi izpolnjevanja na\u0161ih zakonskih in regulativnih obveznosti; ali<\/li>\n\n\n\n<li>delitev nekaterih osebnih podatkov z drugimi strankami, na primer s potencialnimi kupci nekaterih ali vseh na\u0161ih podjetij ali med prestrukturiranjem; obi\u010dajno bodo informacije anonimizirane, vendar to morda ne bo vedno mogo\u010de, vendar bo prejemnik informacij zavezan k zaupnosti.<\/li>\n<\/ul>\n\n\n\n<p>\u010ce \u017eelite ve\u010d informacij o tem, komu in zakaj posredujemo svoje podatke, se obrnite na nas (glejte \"Kako stopiti v stik z nami\" spodaj).<\/p>\n\n\n\n<h3 class=\"wp-block-heading\"><strong>Kje se hranijo va\u0161i osebni podatki<\/strong><\/h3>\n\n\n\n<p>Osebni podatki se lahko hranijo v na\u0161ih pisarnah in pisarnah na\u0161ih dru\u017eb v skupini, tretjih ponudnikov storitev, zastopnikov in agentov, kot je opisano zgoraj (glejte zgoraj: \"S kom delimo va\u0161e osebne podatke\").<\/p>\n\n\n\n<p>Nekatere od teh tretjih oseb imajo lahko sede\u017e zunaj Zdru\u017eenega kraljestva\/EGP. Za ve\u010d informacij, vklju\u010dno s tem, kako varujemo va\u0161e osebne podatke, \u010de se to zgodi, glejte spodaj: \"Prenos va\u0161ih osebnih podatkov iz Zdru\u017eenega kraljestva in EGP\".<\/p>\n\n\n\n<h3 class=\"wp-block-heading\">Kako dolgo bodo va\u0161i osebni podatki shranjeni.<\/h3>\n\n\n\n<p>Va\u0161e osebne podatke bomo hranili, dokler boste uporabljali na\u0161e spletno mesto ali dokler vam bomo zagotavljali izdelke in\/ali storitve. Nato bomo va\u0161e osebne podatke hranili toliko \u010dasa, kolikor bo potrebno:<\/p>\n\n\n\n<ul class=\"wp-block-list\">\n<li>za odgovarjanje na vpra\u0161anja, prito\u017ebe ali zahtevke, ki ste jih vlo\u017eili vi ali v va\u0161em imenu;<\/li>\n\n\n\n<li>Da bi dokazali, da smo z vami ravnali po\u0161teno;<\/li>\n\n\n\n<li>za vodenje evidenc, ki jih zahteva zakonodaja.<\/li>\n<\/ul>\n\n\n\n<p>Va\u0161ih osebnih podatkov ne bomo hranili dlje, kot je potrebno. Za razli\u010dne vrste osebnih podatkov veljajo razli\u010dna obdobja hrambe. Ko hranjenje va\u0161ih osebnih podatkov ne bo ve\u010d potrebno, jih bomo izbrisali ali anonimizirali.<\/p>\n\n\n\n<h3 class=\"wp-block-heading\"><strong>Prenos va\u0161ih osebnih podatkov iz Zdru\u017eenega kraljestva in EGP<\/strong><\/h3>\n\n\n\n<p>Za zagotavljanje storitev vam moramo v\u010dasih va\u0161e osebne podatke posredovati zunaj Zdru\u017eenega kraljestva\/EGP:<\/p>\n\n\n\n<ul class=\"wp-block-list\">\n<li>z na\u0161imi pisarnami ali drugimi podjetji v na\u0161i skupini, ki se nahajajo zunaj Zdru\u017eenega kraljestva\/EGP;<\/li>\n\n\n\n<li>z na\u0161imi ponudniki storitev zunaj Zdru\u017eenega kraljestva\/EGP;<\/li>\n\n\n\n<li>\u010ce imate sede\u017e zunaj Zdru\u017eenega kraljestva\/EGP, ali<\/li>\n\n\n\n<li>\u010de imajo storitve, ki vam jih zagotavljamo, \u0161e eno mednarodno razse\u017enost.<\/li>\n<\/ul>\n\n\n\n<p>V skladu z zakonodajo o varstvu podatkov lahko va\u0161e osebne podatke prenesemo v dr\u017eavo ali mednarodno organizacijo zunaj Zdru\u017eenega kraljestva\/EGP le, \u010de:<\/p>\n\n\n\n<ul class=\"wp-block-list\">\n<li>Vlada Zdru\u017eenega kraljestva ali, \u010de se uporablja uredba EU GDPR, Evropska komisija odlo\u010di, da dolo\u010dena dr\u017eava ali mednarodna organizacija zagotavlja ustrezno raven varstva osebnih podatkov (tako imenovana \"odlo\u010ditev o ustreznosti\");<\/li>\n\n\n\n<li>obstajajo ustrezni za\u0161\u010ditni ukrepi, kot so odobrene standardne pogodbene klavzule ali sheme certificiranja, skupaj z izvr\u0161ljivimi pravicami in u\u010dinkovitimi pravnimi sredstvi za posameznike, na katere se nana\u0161ajo osebni podatki; ali<\/li>\n\n\n\n<li>V skladu z zakonodajo o varstvu podatkov velja posebna izjema.<\/li>\n<\/ul>\n\n\n\n<p>\u010ce ni sklepa o ustreznosti ali ustreznih za\u0161\u010ditnih ukrepov, lahko osebne podatke prenesemo v tretjo dr\u017eavo, \u010de velja izjema v skladu z ustrezno zakonodajo o varstvu podatkov, vklju\u010dno z naslednjimi primeri:<\/p>\n\n\n\n<ul class=\"wp-block-list\">\n<li>ste izrecno privolili v predlagani prenos, potem ko ste bili obve\u0161\u010deni o mo\u017enih tveganjih;<\/li>\n\n\n\n<li>Prenos je potreben za izvajanje pogodbe med nami ali za sprejetje predpogodbenih ukrepov na va\u0161o zahtevo;<\/li>\n\n\n\n<li>Prenos je potreben za sklenitev pogodbe v va\u0161em interesu med nami in drugo osebo ali<\/li>\n\n\n\n<li>Prenos je potreben za uveljavljanje, izvajanje ali obrambo pravnih zahtevkov.<\/li>\n<\/ul>\n\n\n\n<p>Podatke lahko prenesemo tudi zaradi na\u0161ih nujnih zakonitih interesov, \u010de nad temi interesi ne prevladajo va\u0161i interesi, pravice in svobo\u0161\u010dine. Za tak\u0161ne prenose veljajo posebni pogoji, zato bomo zagotovili ustrezne informacije, \u010de in ko bomo \u017eeleli va\u0161e osebne podatke prenesti na tej podlagi.<\/p>\n\n\n\n<h3 class=\"wp-block-heading\"><strong>Va\u0161e pravice<\/strong><\/h3>\n\n\n\n<p>Imate naslednje pravice, ki jih lahko uveljavljate brezpla\u010dno:<\/p>\n\n\n\n<ul class=\"wp-block-list\">\n<li>prejmete kopijo svojih osebnih podatkov;<\/li>\n\n\n\n<li>zahtevati, da popravimo morebitne napake v va\u0161ih osebnih podatkih;<\/li>\n\n\n\n<li>od nas zahtevati, da v dolo\u010denih primerih izbri\u0161emo va\u0161e osebne podatke;<\/li>\n\n\n\n<li>zahtevati, da v dolo\u010denih primerih omejimo obdelavo va\u0161ih osebnih podatkov;<\/li>\n\n\n\n<li>prejemanje osebnih podatkov, ki ste nam jih posredovali, v strukturirani, splo\u0161no uporabljani in strojno berljivi obliki in\/ali posredovanje teh podatkov tretji osebi v dolo\u010denih primerih;<\/li>\n\n\n\n<li>kadar koli ugovarjati na\u0161i obdelavi va\u0161ih osebnih podatkov za neposredno tr\u017eenje in v nekaterih primerih, ko va\u0161e podatke obdelujemo zaradi na\u0161ih zakonitih interesov, ter<\/li>\n\n\n\n<li>da niste predmet odlo\u010ditve, ki bi temeljila izklju\u010dno na avtomatizirani obdelavi in bi bistveno vplivala na vas.<\/li>\n<\/ul>\n\n\n\n<p>Za dodatne informacije o vsaki od teh pravic, vklju\u010dno z okoli\u0161\u010dinami, v katerih se uporabljajo, se obrnite na nas (glejte \"Kako stopiti v stik z nami\" spodaj).<\/p>\n\n\n\n<p>\u010ce \u017eelite uveljavljati katero koli od teh pravic, vas prosimo, da:<\/p>\n\n\n\n<ul class=\"wp-block-list\">\n<li>nam po\u0161ljete e-po\u0161to, nas pokli\u010dete ali nam pi\u0161ete (glejte spodaj: \"Kako stopiti v stik z nami\"); in<\/li>\n\n\n\n<li>zagotovite dovolj informacij za svojo identifikacijo, na primer ime in priimek, naslov in sklic na rezervacijo ter vse dodatne identifikacijske podatke, ki jih lahko upravi\u010deno zahtevamo od vas;<\/li>\n\n\n\n<li>Sporo\u010dite nam, katero pravico \u017eelite uveljavljati in na katere podatke se nana\u0161a va\u0161a zahteva.<\/li>\n<\/ul>\n\n\n\n<h3 class=\"wp-block-heading\"><strong>Varovanje osebnih podatkov<\/strong><\/h3>\n\n\n\n<p>Imamo ustrezne varnostne ukrepe, s katerimi prepre\u010dujemo, da bi se osebni podatki po naklju\u010dju izgubili ali nezakonito uporabljali ali do njih dostopali. Dostop do va\u0161ih osebnih podatkov omejujemo na tiste, ki imajo za to resni\u010dno poslovno potrebo. Osebe, ki obdelujejo va\u0161e podatke, to po\u010dnejo le na poobla\u0161\u010den na\u010din in so zavezane k zaupnosti.<\/p>\n\n\n\n<p>Prav tako imamo vzpostavljene postopke za obravnavanje vseh domnevnih kr\u0161itev varnosti podatkov. O domnevni kr\u0161itvi varnosti podatkov bomo obvestili vas in vse veljavne regulatorne organe, \u010de smo to zakonsko dol\u017eni storiti.<\/p>","protected":false},"excerpt":{"rendered":"<p>This privacy policy contains important information on who we are and how and why we collect, store, use and share your personal data. It also explains your rights in relation to your personal data and how to contact us or supervisory authorities in the event you have a complaint. This privacy policy is issued on [&hellip;]<\/p>","protected":false},"author":1,"featured_media":0,"parent":0,"menu_order":0,"comment_status":"closed","ping_status":"closed","template":"","meta":{"_seopress_robots_primary_cat":"","_seopress_titles_title":"","_seopress_titles_desc":"","_seopress_robots_index":"","footnotes":""},"class_list":["post-490","page","type-page","status-publish","hentry"],"acf":[],"_links":{"self":[{"href":"https:\/\/arthoteltartini.com\/sl\/wp-json\/wp\/v2\/pages\/490","targetHints":{"allow":["GET"]}}],"collection":[{"href":"https:\/\/arthoteltartini.com\/sl\/wp-json\/wp\/v2\/pages"}],"about":[{"href":"https:\/\/arthoteltartini.com\/sl\/wp-json\/wp\/v2\/types\/page"}],"author":[{"embeddable":true,"href":"https:\/\/arthoteltartini.com\/sl\/wp-json\/wp\/v2\/users\/1"}],"replies":[{"embeddable":true,"href":"https:\/\/arthoteltartini.com\/sl\/wp-json\/wp\/v2\/comments?post=490"}],"version-history":[{"count":0,"href":"https:\/\/arthoteltartini.com\/sl\/wp-json\/wp\/v2\/pages\/490\/revisions"}],"wp:attachment":[{"href":"https:\/\/arthoteltartini.com\/sl\/wp-json\/wp\/v2\/media?parent=490"}],"curies":[{"name":"wp","href":"https:\/\/api.w.org\/{rel}","templated":true}]}}